{"id":36944,"date":"2025-03-19T08:45:14","date_gmt":"2025-03-19T07:45:14","guid":{"rendered":"https:\/\/comet.technology\/projectes\/pecaths\/"},"modified":"2025-03-19T16:34:56","modified_gmt":"2025-03-19T15:34:56","slug":"pecaths","status":"publish","type":"page","link":"https:\/\/comet.technology\/ca\/projectes\/pecaths\/","title":{"rendered":"PeCATHS"},"content":{"rendered":"\t\t<div data-elementor-type=\"wp-page\" data-elementor-id=\"36944\" class=\"elementor elementor-36944 elementor-36802\" data-elementor-post-type=\"page\">\n\t\t\t\t<div class=\"elementor-element elementor-element-253b375 e-flex e-con-boxed e-con e-parent\" data-id=\"253b375\" data-element_type=\"container\" data-e-type=\"container\" data-settings=\"{&quot;background_background&quot;:&quot;classic&quot;}\">\n\t\t\t\t\t<div class=\"e-con-inner\">\n\t\t<div class=\"elementor-element elementor-element-093c280 e-con-full e-flex e-con e-child\" data-id=\"093c280\" data-element_type=\"container\" data-e-type=\"container\">\n\t\t\t\t<div class=\"elementor-element elementor-element-fd6556d elementor-widget elementor-widget-heading\" data-id=\"fd6556d\" data-element_type=\"widget\" data-e-type=\"widget\" data-widget_type=\"heading.default\">\n\t\t\t\t<div class=\"elementor-widget-container\">\n\t\t\t\t\t<h2 class=\"elementor-heading-title elementor-size-default\">PeCATHS<\/h2>\t\t\t\t<\/div>\n\t\t\t\t<\/div>\n\t\t\t\t<div class=\"elementor-element elementor-element-649a945 elementor-widget elementor-widget-heading\" data-id=\"649a945\" data-element_type=\"widget\" data-e-type=\"widget\" data-widget_type=\"heading.default\">\n\t\t\t\t<div class=\"elementor-widget-container\">\n\t\t\t\t\t<p class=\"elementor-heading-title elementor-size-default\">HIDROGEN ORG\u00c0NIC L\u00cdQUID PER A SISTEMES D'EMMAGATZEMATGE D'ENERGIA A LLARG TERMINI<\/p>\t\t\t\t<\/div>\n\t\t\t\t<\/div>\n\t\t\t\t<div class=\"elementor-element elementor-element-c31b4ab elementor-widget elementor-widget-text-editor\" data-id=\"c31b4ab\" data-element_type=\"widget\" data-e-type=\"widget\" data-widget_type=\"text-editor.default\">\n\t\t\t\t<div class=\"elementor-widget-container\">\n\t\t\t\t\t\t\t\t\t<p>Aquest projecte finan\u00e7at per la UE, gr\u00e0cies als principals avantatges que aporta la tecnologia dels portadors org\u00e0nics l\u00edquids d&#8217;hidrogen (LOCH) com la capacitat de convertir l&#8217;hidrogen gas\u00f3s en un portador energ\u00e8tic l\u00edquid estable, millorar\u00e0 notablement el seu emmagatzematge, transport i distribuci\u00f3. El seu principal objectiu ser\u00e0 desenvolupar un sistema integrat d&#8217;emmagatzematge d&#8217;energia a llarg termini utilitzant hidrogen en LOHCs, combinat amb una innovadora conversi\u00f3 de biomassa que permetr\u00e0 transferir directament l&#8217;hidrogen sense necessitat de produir gas i productes qu\u00edmics garantint una millora en la gesti\u00f3 eficient i sostenible dels recursos. <\/p>\n\t\t\t\t\t\t\t\t<\/div>\n\t\t\t\t<\/div>\n\t\t\t\t<\/div>\n\t\t\t\t\t<\/div>\n\t\t\t\t<\/div>\n\t\t<div class=\"elementor-element elementor-element-48a90d7 animated-slow e-flex e-con-boxed elementor-invisible e-con e-parent\" data-id=\"48a90d7\" data-element_type=\"container\" data-e-type=\"container\" data-settings=\"{&quot;animation&quot;:&quot;fadeIn&quot;,&quot;background_background&quot;:&quot;classic&quot;,&quot;animation_mobile&quot;:&quot;none&quot;}\">\n\t\t\t\t\t<div class=\"e-con-inner\">\n\t\t\t\t<div class=\"elementor-element elementor-element-60a2855 elementor-widget__width-initial elementor-widget elementor-widget-image\" data-id=\"60a2855\" data-element_type=\"widget\" data-e-type=\"widget\" data-widget_type=\"image.default\">\n\t\t\t\t<div class=\"elementor-widget-container\">\n\t\t\t\t\t\t\t\t\t\t\t\t\t\t\t<img fetchpriority=\"high\" decoding=\"async\" width=\"1335\" height=\"950\" src=\"https:\/\/comet.technology\/wp-content\/uploads\/2025\/03\/PECATHS-LOGO_COLOR_VERTICAL.png\" class=\"attachment-full size-full wp-image-36863\" alt=\"\" srcset=\"https:\/\/comet.technology\/wp-content\/uploads\/2025\/03\/PECATHS-LOGO_COLOR_VERTICAL.png 1335w, https:\/\/comet.technology\/wp-content\/uploads\/2025\/03\/PECATHS-LOGO_COLOR_VERTICAL-300x213.png 300w, https:\/\/comet.technology\/wp-content\/uploads\/2025\/03\/PECATHS-LOGO_COLOR_VERTICAL-1024x729.png 1024w, https:\/\/comet.technology\/wp-content\/uploads\/2025\/03\/PECATHS-LOGO_COLOR_VERTICAL-768x547.png 768w\" sizes=\"(max-width: 1335px) 100vw, 1335px\" \/>\t\t\t\t\t\t\t\t\t\t\t\t\t\t\t<\/div>\n\t\t\t\t<\/div>\n\t\t<div class=\"elementor-element elementor-element-d789b73 animated-slow e-con-full e-flex elementor-invisible e-con e-child\" data-id=\"d789b73\" data-element_type=\"container\" data-e-type=\"container\" data-settings=\"{&quot;animation&quot;:&quot;fadeIn&quot;,&quot;animation_mobile&quot;:&quot;none&quot;}\">\n\t\t\t\t<div class=\"elementor-element elementor-element-2f07eb3 elementor-widget elementor-widget-heading\" data-id=\"2f07eb3\" data-element_type=\"widget\" data-e-type=\"widget\" data-widget_type=\"heading.default\">\n\t\t\t\t<div class=\"elementor-widget-container\">\n\t\t\t\t\t<h2 class=\"elementor-heading-title elementor-size-default\">Sobre PeCATHS<\/h2>\t\t\t\t<\/div>\n\t\t\t\t<\/div>\n\t\t<div class=\"elementor-element elementor-element-91adddb e-con-full e-flex e-con e-child\" data-id=\"91adddb\" data-element_type=\"container\" data-e-type=\"container\" data-settings=\"{&quot;background_background&quot;:&quot;classic&quot;}\">\n\t\t\t\t<div class=\"elementor-element elementor-element-627eed2 elementor-widget elementor-widget-heading\" data-id=\"627eed2\" data-element_type=\"widget\" data-e-type=\"widget\" data-widget_type=\"heading.default\">\n\t\t\t\t<div class=\"elementor-widget-container\">\n\t\t\t\t\t<h3 class=\"elementor-heading-title elementor-size-default\">Objectius generals del projecte<\/h3>\t\t\t\t<\/div>\n\t\t\t\t<\/div>\n\t\t\t\t<div class=\"elementor-element elementor-element-508a574 elementor-widget elementor-widget-text-editor\" data-id=\"508a574\" data-element_type=\"widget\" data-e-type=\"widget\" data-widget_type=\"text-editor.default\">\n\t\t\t\t<div class=\"elementor-widget-container\">\n\t\t\t\t\t\t\t\t\t<p><strong>Concepte clau 1:<\/strong> Simplificar la integraci\u00f3 i costos en comparaci\u00f3 amb altres sistemes convencionals, en utilitzar biomassa com a font d&#8217;hidrogen i energia solar com a font d&#8217;energia renovable.<\/p>\n<p><strong>Concepte clau 2: <\/strong>Desenvolupar un sistema integrat d&#8217;emmagatzematge d&#8217;energia a llarg termini amb la finalitat de gestionar de forma m\u00e9s eficient i sostenible la necessitat d&#8217;emmagatzematge, transport i distribuci\u00f3 de l&#8217;energia.<\/p>\n\t\t\t\t\t\t\t\t<\/div>\n\t\t\t\t<\/div>\n\t\t\t\t<div class=\"elementor-element elementor-element-97cdb54 elementor-widget elementor-widget-heading\" data-id=\"97cdb54\" data-element_type=\"widget\" data-e-type=\"widget\" data-widget_type=\"heading.default\">\n\t\t\t\t<div class=\"elementor-widget-container\">\n\t\t\t\t\t<h3 class=\"elementor-heading-title elementor-size-default\">Objectius espec\u00edfics i aplicacions tecnologiques<\/h3>\t\t\t\t<\/div>\n\t\t\t\t<\/div>\n\t\t\t\t<div class=\"elementor-element elementor-element-3e795df elementor-widget elementor-widget-text-editor\" data-id=\"3e795df\" data-element_type=\"widget\" data-e-type=\"widget\" data-widget_type=\"text-editor.default\">\n\t\t\t\t<div class=\"elementor-widget-container\">\n\t\t\t\t\t\t\t\t\t<h4>Objectius tecnol\u00f2gics<\/h4>\n<ul>\n<li>Desenvolupar el\u00e8ctrodes i fotoelectrodos selectius i estables per a la valoritzaci\u00f3 de biomassa i la hidrogenaci\u00f3 de portadors org\u00e0nics.<\/li>\n<li>Desenvolupar un sistema integrat rendible mitjan\u00e7ant l&#8217;\u00fas de transformacions (foto)electrocatal\u00edtiques avan\u00e7ades.<\/li>\n<li>Integrar l&#8217;hidrogen en els LOHC sense les complexitats de la compressi\u00f3 i l&#8217;emmagatzematge del gas per a reduir costos d&#8217;emmagatzematge d&#8217;energia.<\/li>\n<li>Sintetitzar productes qu\u00edmics de plataforma per a aconseguir l&#8217;emmagatzematge d&#8217;energia a llarg termini en forma l\u00edquida.<\/li>\n<li>Contribuir al desenvolupament d&#8217;estructures energ\u00e8tiques sostenibles vitals per a les futures xarxes d&#8217;energia amb un sistema d&#8217;emmagatzematge, transport i distribuci\u00f3 intel\u00b7ligent i innovador, a llarg termini, sense necessitat de produir gas d&#8217;hidrogen que permeti millorar la sostenibilitat i efici\u00e8ncia dels sistemes energ\u00e8tics.<\/li>\n<\/ul>\n<h4>Impactes<\/h4>\n<ul>\n<li>Desenvolupar un sistema nou fotoelectroqu\u00edmico de conversi\u00f3 d&#8217;energia com a proc\u00e9s sostenible per a l&#8217;emmagatzematge d&#8217;energia a llarg termini, per a invertir el canvi clim\u00e0tic substituint els precursors basats en combustibles f\u00f2ssils per derivats de la biomassa.<\/li>\n<li>Emprar una estrat\u00e8gia rendible que utilitza la biomassa com a font d&#8217;hidrogen i l&#8217;energia solar com a font d&#8217;energia renovable per a reduir els costos i augmentar la competitivitat enfront de sistemes actuals d&#8217;emmagatzematge d&#8217;energia.<\/li>\n<li>Millorar l&#8217;economia associada a aquesta tecnologia gr\u00e0cies a la integraci\u00f3 directa de l&#8217;hidrogen en els LOHC sense les complexitats de la comprensi\u00f3 i emmagatzematge del gas. Aquesta tecnologia t\u00e9 el potencial de transformar la ind\u00fastria qu\u00edmica en un sector m\u00e9s verd i proporcionar ingressos addicionals per a sostenir el sector primari, convertint-lo en un contribuent net per a abordar l&#8217;efecte d&#8217;hivernacle. <\/li><li>Explorar nous procediments sostenibles per a transformar derivats de la biomassa en productes de valor afegit com l&#8217;\u00e0cid 2,5- furandicarbox\u00edlico (FDCA) o l&#8217;\u00e0cid gluc\u00e1rico, simult\u00e0niament amb la hidrogenaci\u00f3 dels LOHC.<\/li>\n<li>Abordar solucions sostenibles d&#8217;emmagatzematge, transport i distribuci\u00f3 d&#8217;energia que contribueixin al desenvolupament d&#8217;infraestructures energ\u00e8tiques vitals per a les futures xarxes d&#8217;energia a UE i permetin reduir la petjada de carboni dels sistemes energ\u00e8tics per a augmentar la mitigaci\u00f3 del canvi clim\u00e0tic.<\/li>\n<\/ul>\t\t\t\t\t\t\t\t<\/div>\n\t\t\t\t<\/div>\n\t\t\t\t<div class=\"elementor-element elementor-element-21b58ff elementor-widget elementor-widget-heading\" data-id=\"21b58ff\" data-element_type=\"widget\" data-e-type=\"widget\" data-widget_type=\"heading.default\">\n\t\t\t\t<div class=\"elementor-widget-container\">\n\t\t\t\t\t<span class=\"elementor-heading-title elementor-size-default\"><a href=\"https:\/\/pecaths.eu\/\" target=\"_blank\" rel=\"noopener\">https:\/\/pecaths.eu\/<\/a><\/span>\t\t\t\t<\/div>\n\t\t\t\t<\/div>\n\t\t\t\t<\/div>\n\t\t\t\t<\/div>\n\t\t\t\t\t<\/div>\n\t\t\t\t<\/div>\n\t\t<div class=\"elementor-element elementor-element-e2384a4 animated-slow e-flex e-con-boxed elementor-invisible e-con e-parent\" data-id=\"e2384a4\" data-element_type=\"container\" data-e-type=\"container\" data-settings=\"{&quot;background_background&quot;:&quot;classic&quot;,&quot;animation&quot;:&quot;fadeIn&quot;,&quot;animation_mobile&quot;:&quot;none&quot;}\">\n\t\t\t\t\t<div class=\"e-con-inner\">\n\t\t\t\t<div class=\"elementor-element elementor-element-d30430d elementor-widget elementor-widget-image\" data-id=\"d30430d\" data-element_type=\"widget\" data-e-type=\"widget\" data-widget_type=\"image.default\">\n\t\t\t\t<div class=\"elementor-widget-container\">\n\t\t\t\t\t\t\t\t\t\t\t\t<figure class=\"wp-caption\">\n\t\t\t\t\t\t\t\t\t\t<img decoding=\"async\" width=\"800\" height=\"383\" src=\"https:\/\/comet.technology\/wp-content\/uploads\/2025\/03\/PECATHS_GRAFICO-HOME-1024x490.png\" class=\"attachment-large size-large wp-image-36844\" alt=\"\" srcset=\"https:\/\/comet.technology\/wp-content\/uploads\/2025\/03\/PECATHS_GRAFICO-HOME-1024x490.png 1024w, https:\/\/comet.technology\/wp-content\/uploads\/2025\/03\/PECATHS_GRAFICO-HOME-300x143.png 300w, https:\/\/comet.technology\/wp-content\/uploads\/2025\/03\/PECATHS_GRAFICO-HOME-768x367.png 768w, https:\/\/comet.technology\/wp-content\/uploads\/2025\/03\/PECATHS_GRAFICO-HOME-1536x734.png 1536w, https:\/\/comet.technology\/wp-content\/uploads\/2025\/03\/PECATHS_GRAFICO-HOME.png 2048w\" sizes=\"(max-width: 800px) 100vw, 800px\" \/>\t\t\t\t\t\t\t\t\t\t\t<figcaption class=\"widget-image-caption wp-caption-text\">Metodologia PeCATHS<\/figcaption>\n\t\t\t\t\t\t\t\t\t\t<\/figure>\n\t\t\t\t\t\t\t\t\t<\/div>\n\t\t\t\t<\/div>\n\t\t\t\t\t<\/div>\n\t\t\t\t<\/div>\n\t\t\t\t<section class=\"elementor-section elementor-top-section elementor-element elementor-element-66e6917 elementor-section-boxed elementor-section-height-default elementor-section-height-default\" data-id=\"66e6917\" data-element_type=\"section\" data-e-type=\"section\" data-settings=\"{&quot;background_background&quot;:&quot;classic&quot;}\">\n\t\t\t\t\t\t\t<div class=\"elementor-background-overlay\"><\/div>\n\t\t\t\t\t\t\t<div class=\"elementor-container elementor-column-gap-default\">\n\t\t\t\t\t<div class=\"elementor-column elementor-col-50 elementor-top-column elementor-element elementor-element-ab9639f\" data-id=\"ab9639f\" data-element_type=\"column\" data-e-type=\"column\">\n\t\t\t<div class=\"elementor-widget-wrap elementor-element-populated\">\n\t\t\t\t\t\t<section class=\"elementor-section elementor-inner-section elementor-element elementor-element-10f6edb elementor-section-boxed elementor-section-height-default elementor-section-height-default\" data-id=\"10f6edb\" data-element_type=\"section\" data-e-type=\"section\">\n\t\t\t\t\t\t<div class=\"elementor-container elementor-column-gap-default\">\n\t\t\t\t\t<div class=\"elementor-column elementor-col-100 elementor-inner-column elementor-element elementor-element-99f6964\" data-id=\"99f6964\" data-element_type=\"column\" data-e-type=\"column\">\n\t\t\t<div class=\"elementor-widget-wrap elementor-element-populated\">\n\t\t\t\t\t\t<div class=\"elementor-element elementor-element-4437479 elementor-widget elementor-widget-heading\" data-id=\"4437479\" data-element_type=\"widget\" data-e-type=\"widget\" data-widget_type=\"heading.default\">\n\t\t\t\t<div class=\"elementor-widget-container\">\n\t\t\t\t\t<h2 class=\"elementor-heading-title elementor-size-default\"><b>CONTACTA<\/b> amb nosaltres<\/h2>\t\t\t\t<\/div>\n\t\t\t\t<\/div>\n\t\t\t\t\t<\/div>\n\t\t<\/div>\n\t\t\t\t\t<\/div>\n\t\t<\/section>\n\t\t\t\t<section class=\"elementor-section elementor-inner-section elementor-element elementor-element-59d67b0 elementor-section-content-middle elementor-section-boxed elementor-section-height-default elementor-section-height-default\" data-id=\"59d67b0\" data-element_type=\"section\" data-e-type=\"section\">\n\t\t\t\t\t\t<div class=\"elementor-container elementor-column-gap-default\">\n\t\t\t\t\t<div class=\"elementor-column elementor-col-100 elementor-inner-column elementor-element elementor-element-70c75cd\" data-id=\"70c75cd\" data-element_type=\"column\" data-e-type=\"column\" data-settings=\"{&quot;background_background&quot;:&quot;classic&quot;}\">\n\t\t\t<div class=\"elementor-widget-wrap elementor-element-populated\">\n\t\t\t\t\t\t<div class=\"elementor-element elementor-element-da9b63e elementor-align-center elementor-mobile-align-center elementor-icon-list--layout-traditional elementor-list-item-link-full_width elementor-widget elementor-widget-icon-list\" data-id=\"da9b63e\" data-element_type=\"widget\" data-e-type=\"widget\" data-widget_type=\"icon-list.default\">\n\t\t\t\t<div class=\"elementor-widget-container\">\n\t\t\t\t\t\t\t<ul class=\"elementor-icon-list-items\">\n\t\t\t\t\t\t\t<li class=\"elementor-icon-list-item\">\n\t\t\t\t\t\t\t\t\t\t\t<span class=\"elementor-icon-list-icon\">\n\t\t\t\t\t\t\t<i aria-hidden=\"true\" class=\"fas fa-envelope\"><\/i>\t\t\t\t\t\t<\/span>\n\t\t\t\t\t\t\t\t\t\t<span class=\"elementor-icon-list-text\">comet@comet.technology<\/span>\n\t\t\t\t\t\t\t\t\t<\/li>\n\t\t\t\t\t\t\t\t<li class=\"elementor-icon-list-item\">\n\t\t\t\t\t\t\t\t\t\t\t<span class=\"elementor-icon-list-icon\">\n\t\t\t\t\t\t\t<i aria-hidden=\"true\" class=\"fas fa-phone-alt\"><\/i>\t\t\t\t\t\t<\/span>\n\t\t\t\t\t\t\t\t\t\t<span class=\"elementor-icon-list-text\">(+34) 930 23 91 26<\/span>\n\t\t\t\t\t\t\t\t\t<\/li>\n\t\t\t\t\t\t<\/ul>\n\t\t\t\t\t\t<\/div>\n\t\t\t\t<\/div>\n\t\t\t\t\t<\/div>\n\t\t<\/div>\n\t\t\t\t\t<\/div>\n\t\t<\/section>\n\t\t\t\t\t<\/div>\n\t\t<\/div>\n\t\t\t\t<div class=\"elementor-column elementor-col-50 elementor-top-column elementor-element elementor-element-3821712\" data-id=\"3821712\" data-element_type=\"column\" data-e-type=\"column\">\n\t\t\t<div class=\"elementor-widget-wrap elementor-element-populated\">\n\t\t\t\t\t\t<div class=\"elementor-element elementor-element-f209222 elementor-button-align-center elementor-widget elementor-widget-global elementor-global-28557 elementor-global-5987 elementor-widget-form\" data-id=\"f209222\" data-element_type=\"widget\" data-e-type=\"widget\" data-settings=\"{&quot;step_next_label&quot;:&quot;Seg\\u00fcent&quot;,&quot;step_previous_label&quot;:&quot;Anterior&quot;,&quot;button_width&quot;:&quot;100&quot;,&quot;step_type&quot;:&quot;number_text&quot;,&quot;step_icon_shape&quot;:&quot;circle&quot;}\" data-widget_type=\"form.default\">\n\t\t\t\t<div class=\"elementor-widget-container\">\n\t\t\t\t\t\t\t<form class=\"elementor-form\" method=\"post\" name=\"Formulari de contacte\" aria-label=\"Formulari de contacte\">\n\t\t\t<input type=\"hidden\" name=\"post_id\" value=\"36944\"\/>\n\t\t\t<input type=\"hidden\" name=\"form_id\" value=\"f209222\"\/>\n\t\t\t<input type=\"hidden\" name=\"referer_title\" value=\"\" \/>\n\n\t\t\t\n\t\t\t<div class=\"elementor-form-fields-wrapper elementor-labels-\">\n\t\t\t\t\t\t\t\t<div class=\"elementor-field-type-text elementor-field-group elementor-column elementor-field-group-name elementor-col-100 elementor-field-required\">\n\t\t\t\t\t\t\t\t\t\t\t\t<label for=\"form-field-name\" class=\"elementor-field-label elementor-screen-only\">\n\t\t\t\t\t\t\t\tNom\t\t\t\t\t\t\t<\/label>\n\t\t\t\t\t\t\t\t\t\t\t\t\t\t<input size=\"1\" type=\"text\" name=\"form_fields[name]\" id=\"form-field-name\" class=\"elementor-field elementor-size-sm  elementor-field-textual\" placeholder=\"Nom*\" required=\"required\">\n\t\t\t\t\t\t\t\t\t\t\t<\/div>\n\t\t\t\t\t\t\t\t<div class=\"elementor-field-type-email elementor-field-group elementor-column elementor-field-group-correo elementor-col-100 elementor-field-required\">\n\t\t\t\t\t\t\t\t\t\t\t\t<label for=\"form-field-correo\" class=\"elementor-field-label elementor-screen-only\">\n\t\t\t\t\t\t\t\tCorreu electr\u00f2nic\t\t\t\t\t\t\t<\/label>\n\t\t\t\t\t\t\t\t\t\t\t\t\t\t<input size=\"1\" type=\"email\" name=\"form_fields[correo]\" id=\"form-field-correo\" class=\"elementor-field elementor-size-sm  elementor-field-textual\" placeholder=\"Correu electr\u00f2nic*\" required=\"required\">\n\t\t\t\t\t\t\t\t\t\t\t<\/div>\n\t\t\t\t\t\t\t\t<div class=\"elementor-field-type-textarea elementor-field-group elementor-column elementor-field-group-message elementor-col-100 elementor-field-required\">\n\t\t\t\t\t\t\t\t\t\t\t\t<label for=\"form-field-message\" class=\"elementor-field-label elementor-screen-only\">\n\t\t\t\t\t\t\t\tMissatge\t\t\t\t\t\t\t<\/label>\n\t\t\t\t\t\t<textarea class=\"elementor-field-textual elementor-field  elementor-size-sm\" name=\"form_fields[message]\" id=\"form-field-message\" rows=\"4\" placeholder=\"Missatge*\" required=\"required\"><\/textarea>\t\t\t\t<\/div>\n\t\t\t\t\t\t\t\t<div class=\"elementor-field-type-acceptance elementor-field-group elementor-column elementor-field-group-legal elementor-col-100 elementor-field-required\">\n\t\t\t\t\t\t\t\t\t\t\t\t<label for=\"form-field-legal\" class=\"elementor-field-label elementor-screen-only\">\n\t\t\t\t\t\t\t\tLegal\t\t\t\t\t\t\t<\/label>\n\t\t\t\t\t\t\t\t<div class=\"elementor-field-subgroup\">\n\t\t\t<span class=\"elementor-field-option\">\n\t\t\t\t<input type=\"checkbox\" name=\"form_fields[legal]\" id=\"form-field-legal\" class=\"elementor-field elementor-size-sm  elementor-acceptance-field\" required=\"required\">\n\t\t\t\t<label for=\"form-field-legal\">Marcant aquesta casella confirmes que has llegit i acceptes la pol\u00edtica de privadesa i av\u00eds legal, per la qual cosa consenteixes que COMET GLOBAL INNOVATION S.L, guardi les teves dades segons la legislaci\u00f3 vigent, autoritzes que et contactem i est\u00e0s informat que tens dret a accedir, rectificar, limitar i suprimir les dades personals dels nostres registres.<\/label>\t\t\t<\/span>\n\t\t<\/div>\n\t\t\t\t\t\t<\/div>\n\t\t\t\t\t\t\t\t<div class=\"elementor-field-type-recaptcha elementor-field-group elementor-column elementor-field-group-field_5fb555b elementor-col-100\">\n\t\t\t\t\t<div class=\"elementor-field\" id=\"form-field-field_5fb555b\"><div class=\"elementor-g-recaptcha\" data-sitekey=\"6Leuol0aAAAAANCULIA7sRcgKkCqxyqYDxbc6S_1\" data-type=\"v2_checkbox\" data-theme=\"light\" data-size=\"normal\"><\/div><\/div>\t\t\t\t<\/div>\n\t\t\t\t\t\t\t\t<div class=\"elementor-field-type-text\">\n\t\t\t\t\t<input size=\"1\" type=\"text\" name=\"form_fields[email]\" id=\"form-field-email\" class=\"elementor-field elementor-size-sm \" style=\"display:none !important;\">\t\t\t\t<\/div>\n\t\t\t\t\t\t\t\t<div class=\"elementor-field-group elementor-column elementor-field-type-submit elementor-col-100 e-form__buttons\">\n\t\t\t\t\t<button class=\"elementor-button elementor-size-sm\" type=\"submit\">\n\t\t\t\t\t\t<span class=\"elementor-button-content-wrapper\">\n\t\t\t\t\t\t\t\t\t\t\t\t\t\t\t\t\t\t\t\t\t\t<span class=\"elementor-button-text\">Envia<\/span>\n\t\t\t\t\t\t\t\t\t\t\t\t\t<\/span>\n\t\t\t\t\t<\/button>\n\t\t\t\t<\/div>\n\t\t\t<\/div>\n\t\t<\/form>\n\t\t\t\t\t\t<\/div>\n\t\t\t\t<\/div>\n\t\t\t\t\t<\/div>\n\t\t<\/div>\n\t\t\t\t\t<\/div>\n\t\t<\/section>\n\t\t\t\t<\/div>\n\t\t","protected":false},"excerpt":{"rendered":"<p>Aquest projecte finan\u00e7at per la UE, gr\u00e0cies als principals avantatges que aporta la tecnologia dels portadors org\u00e0nics l\u00edquids d&#8217;hidrogen (LOCH) com la capacitat de convertir l&#8217;hidrogen gas\u00f3s en un portador energ\u00e8tic l\u00edquid estable, millorar\u00e0 notablement el seu emmagatzematge, transport i distribuci\u00f3. El seu principal objectiu ser\u00e0 desenvolupar un sistema integrat d&#8217;emmagatzematge d&#8217;energia a llarg termini utilitzant hidrogen en LOHCs, combinat amb una innovadora conversi\u00f3 de biomassa que permetr\u00e0 transferir directament l&#8217;hidrogen sense necessitat de produir gas i productes qu\u00edmics garantint una millora en la gesti\u00f3 eficient i sostenible dels recursos. <\/p>\n","protected":false},"author":1,"featured_media":36824,"parent":28888,"menu_order":0,"comment_status":"closed","ping_status":"closed","template":"","meta":{"_acf_changed":false,"footnotes":""},"class_list":["post-36944","page","type-page","status-publish","has-post-thumbnail","hentry"],"acf":[],"_links":{"self":[{"href":"https:\/\/comet.technology\/ca\/wp-json\/wp\/v2\/pages\/36944","targetHints":{"allow":["GET"]}}],"collection":[{"href":"https:\/\/comet.technology\/ca\/wp-json\/wp\/v2\/pages"}],"about":[{"href":"https:\/\/comet.technology\/ca\/wp-json\/wp\/v2\/types\/page"}],"author":[{"embeddable":true,"href":"https:\/\/comet.technology\/ca\/wp-json\/wp\/v2\/users\/1"}],"replies":[{"embeddable":true,"href":"https:\/\/comet.technology\/ca\/wp-json\/wp\/v2\/comments?post=36944"}],"version-history":[{"count":2,"href":"https:\/\/comet.technology\/ca\/wp-json\/wp\/v2\/pages\/36944\/revisions"}],"predecessor-version":[{"id":36948,"href":"https:\/\/comet.technology\/ca\/wp-json\/wp\/v2\/pages\/36944\/revisions\/36948"}],"up":[{"embeddable":true,"href":"https:\/\/comet.technology\/ca\/wp-json\/wp\/v2\/pages\/28888"}],"wp:featuredmedia":[{"embeddable":true,"href":"https:\/\/comet.technology\/ca\/wp-json\/wp\/v2\/media\/36824"}],"wp:attachment":[{"href":"https:\/\/comet.technology\/ca\/wp-json\/wp\/v2\/media?parent=36944"}],"curies":[{"name":"wp","href":"https:\/\/api.w.org\/{rel}","templated":true}]}}