{"id":36992,"date":"2025-03-25T07:38:05","date_gmt":"2025-03-25T06:38:05","guid":{"rendered":"https:\/\/comet.technology\/projectes\/united-circles\/"},"modified":"2025-03-26T11:10:26","modified_gmt":"2025-03-26T10:10:26","slug":"united-circles","status":"publish","type":"page","link":"https:\/\/comet.technology\/ca\/projectes\/united-circles\/","title":{"rendered":"United Circles"},"content":{"rendered":"\t\t<div data-elementor-type=\"wp-page\" data-elementor-id=\"36992\" class=\"elementor elementor-36992 elementor-36971\" data-elementor-post-type=\"page\">\n\t\t\t\t<div class=\"elementor-element elementor-element-9f97484 e-flex e-con-boxed e-con e-parent\" data-id=\"9f97484\" data-element_type=\"container\" data-e-type=\"container\" data-settings=\"{&quot;background_background&quot;:&quot;classic&quot;}\">\n\t\t\t\t\t<div class=\"e-con-inner\">\n\t\t<div class=\"elementor-element elementor-element-f8f1a38 e-con-full e-flex e-con e-child\" data-id=\"f8f1a38\" data-element_type=\"container\" data-e-type=\"container\">\n\t\t\t\t<div class=\"elementor-element elementor-element-20e5108 elementor-widget elementor-widget-heading\" data-id=\"20e5108\" data-element_type=\"widget\" data-e-type=\"widget\" data-widget_type=\"heading.default\">\n\t\t\t\t<div class=\"elementor-widget-container\">\n\t\t\t\t\t<h2 class=\"elementor-heading-title elementor-size-default\">United Circles<\/h2>\t\t\t\t<\/div>\n\t\t\t\t<\/div>\n\t\t\t\t<div class=\"elementor-element elementor-element-438ddf3 elementor-widget elementor-widget-heading\" data-id=\"438ddf3\" data-element_type=\"widget\" data-e-type=\"widget\" data-widget_type=\"heading.default\">\n\t\t\t\t<div class=\"elementor-widget-container\">\n\t\t\t\t\t<p class=\"elementor-heading-title elementor-size-default\">SISTEMES URBANS I INDUSTRIALS COL\u00b7LABORATIUS PER A RECICLAR DEIXALLES I RESIDUS I CONVERTIR-LOS EN PRODUCTES DE VALOR AGREGAT<\/p>\t\t\t\t<\/div>\n\t\t\t\t<\/div>\n\t\t\t\t<div class=\"elementor-element elementor-element-7676ca2 elementor-widget elementor-widget-text-editor\" data-id=\"7676ca2\" data-element_type=\"widget\" data-e-type=\"widget\" data-widget_type=\"text-editor.default\">\n\t\t\t\t<div class=\"elementor-widget-container\">\n\t\t\t\t\t\t\t\t\t<p>Reduir l&#8217;escalfament global del planeta \u00e9s una prioritat que hem d&#8217;abordar amb car\u00e0cter urgent i un dels problemes apressants als quals s&#8217;enfronta la humanitat \u00e9s com gestionar els residus que generem. En resposta a aquest repte, United Circles demostrar\u00e0, amb 46 socis en 14 pa\u00efsos i un organisme internacional, com ciutats i ind\u00fastries poden treballar juntes per a reciclar les deixalles i convertir-los en productes de valor agregat, objectius que ofereixen una perspectiva que permetr\u00e0 frenar l&#8217;augment de residus i augmentar la mitigaci\u00f3 substancial del canvi clim\u00e0tic. <\/p>\n\t\t\t\t\t\t\t\t<\/div>\n\t\t\t\t<\/div>\n\t\t\t\t<\/div>\n\t\t\t\t\t<\/div>\n\t\t\t\t<\/div>\n\t\t<div class=\"elementor-element elementor-element-e0aa98c animated-slow e-flex e-con-boxed elementor-invisible e-con e-parent\" data-id=\"e0aa98c\" data-element_type=\"container\" data-e-type=\"container\" data-settings=\"{&quot;animation&quot;:&quot;fadeIn&quot;,&quot;background_background&quot;:&quot;classic&quot;,&quot;animation_mobile&quot;:&quot;none&quot;}\">\n\t\t\t\t\t<div class=\"e-con-inner\">\n\t\t\t\t<div class=\"elementor-element elementor-element-ca14589 elementor-widget__width-initial elementor-widget elementor-widget-image\" data-id=\"ca14589\" data-element_type=\"widget\" data-e-type=\"widget\" data-widget_type=\"image.default\">\n\t\t\t\t<div class=\"elementor-widget-container\">\n\t\t\t\t\t\t\t\t\t\t\t\t\t\t\t<img decoding=\"async\" src=\"https:\/\/comet.technology\/wp-content\/uploads\/2025\/03\/uc-logo-color.svg\" class=\"attachment-full size-full wp-image-36979\" alt=\"\" \/>\t\t\t\t\t\t\t\t\t\t\t\t\t\t\t<\/div>\n\t\t\t\t<\/div>\n\t\t<div class=\"elementor-element elementor-element-7372eeb animated-slow e-con-full e-flex elementor-invisible e-con e-child\" data-id=\"7372eeb\" data-element_type=\"container\" data-e-type=\"container\" data-settings=\"{&quot;animation&quot;:&quot;fadeIn&quot;,&quot;animation_mobile&quot;:&quot;none&quot;}\">\n\t\t\t\t<div class=\"elementor-element elementor-element-ae57362 elementor-widget elementor-widget-heading\" data-id=\"ae57362\" data-element_type=\"widget\" data-e-type=\"widget\" data-widget_type=\"heading.default\">\n\t\t\t\t<div class=\"elementor-widget-container\">\n\t\t\t\t\t<h2 class=\"elementor-heading-title elementor-size-default\">Sobre United Circles<\/h2>\t\t\t\t<\/div>\n\t\t\t\t<\/div>\n\t\t<div class=\"elementor-element elementor-element-ace2fee e-con-full e-flex e-con e-child\" data-id=\"ace2fee\" data-element_type=\"container\" data-e-type=\"container\" data-settings=\"{&quot;background_background&quot;:&quot;classic&quot;}\">\n\t\t\t\t<div class=\"elementor-element elementor-element-826ced0 elementor-widget elementor-widget-heading\" data-id=\"826ced0\" data-element_type=\"widget\" data-e-type=\"widget\" data-widget_type=\"heading.default\">\n\t\t\t\t<div class=\"elementor-widget-container\">\n\t\t\t\t\t<h3 class=\"elementor-heading-title elementor-size-default\">Objectius generals del projecte<\/h3>\t\t\t\t<\/div>\n\t\t\t\t<\/div>\n\t\t\t\t<div class=\"elementor-element elementor-element-35af943 elementor-widget elementor-widget-text-editor\" data-id=\"35af943\" data-element_type=\"widget\" data-e-type=\"widget\" data-widget_type=\"text-editor.default\">\n\t\t\t\t<div class=\"elementor-widget-container\">\n\t\t\t\t\t\t\t\t\t<ul>\n<li>Connectar els sistemes urbans i industrials per a convertir ciutats de \u201czero residus\u201d i ind\u00fastries \u201cdescarbonitzades\u201d que fomentin el creixement sostenible i apostin per comunitats col\u00b7laboratives i resilients, cap a un futur sense residus i amb circuits tancats de recursos i energia.<\/li>\n<li>Demostrar tres cadenes de valor de simbiosi industrial-urbana per a reciclar residus d&#8217;aliments urbans, s\u00f2lids d&#8217;aig\u00fces residuals urbanes i residus urbans de construcci\u00f3 i demolici\u00f3.<\/li>\n<\/ul>\n\t\t\t\t\t\t\t\t<\/div>\n\t\t\t\t<\/div>\n\t\t\t\t<div class=\"elementor-element elementor-element-ff6c129 elementor-widget elementor-widget-heading\" data-id=\"ff6c129\" data-element_type=\"widget\" data-e-type=\"widget\" data-widget_type=\"heading.default\">\n\t\t\t\t<div class=\"elementor-widget-container\">\n\t\t\t\t\t<h3 class=\"elementor-heading-title elementor-size-default\">Objectius espec\u00edfics i aplicacions tecnologiques<\/h3>\t\t\t\t<\/div>\n\t\t\t\t<\/div>\n\t\t\t\t<div class=\"elementor-element elementor-element-45637f1 elementor-widget elementor-widget-text-editor\" data-id=\"45637f1\" data-element_type=\"widget\" data-e-type=\"widget\" data-widget_type=\"text-editor.default\">\n\t\t\t\t<div class=\"elementor-widget-container\">\n\t\t\t\t\t\t\t\t\t<h4>Objectius tecnol\u00f2gics<\/h4>\n<ul>\n<li>Expandir les tecnologies integrades de demostraci\u00f3 a nivells m\u00e9s alts de TRL que proporcionin noves ind\u00fastries que incideixin en la recol\u00b7lecci\u00f3, classificaci\u00f3 i reutilitzaci\u00f3 per a la producci\u00f3 de nous productes reciclats.<\/li>\n<li>Tancar els circuits urbans i industrials d&#8217;aigua per a reduir l&#8217;\u00fas d&#8217;aigua dol\u00e7a en regions propenses a la sequera i integrar la tecnologia de cogeneraci\u00f3 d&#8217;energia en les vies de reciclatge.<\/li>\n<li>Permetre ciutats de zero residus i una ind\u00fastria de processos descarbonitzats gr\u00e0cies a l&#8217;avan\u00e7 de tecnologies innovadores en cadenes de valor integrades combinades.<\/li>\n<li>Sustentar la governan\u00e7a i l&#8217;evoluci\u00f3 de les seves xarxes \u201cIndustrial-Urbanes\u201d utilitzant marcs de governan\u00e7a avan\u00e7ats, viabilitat cap a metodologies de finan\u00e7ament, eines digitals, innovacions socials i ambientals, i un observatori de materials i productes.<\/li>\n<li>Posar en marxa nous processos sostenibles per al reciclatge de nous productes biopl\u00e0stics totalment biodegradables i d&#8217;origen de residus alimentaris per a la substituci\u00f3 completa dels combustibles f\u00f2ssils.<\/li>\n<\/ul>\n<h4>Impactes<\/h4>\n<ul>\n<li>Aportar un model d&#8217;economia circular mitjan\u00e7ant noves mesures de prevenci\u00f3 i gesti\u00f3 de residus sostenibles que generi millores socioecon\u00f2miques en les comunitats implicades.<\/li>\n<\/ul>\n<ul>\n<li>Generar creixement econ\u00f2mic gr\u00e0cies a les pr\u00e0ctiques empresarials eficients i a la reconversi\u00f3 de residus per a un futur net i accessible.<\/li>\n<\/ul>\n<ul>\n<li>Minimitzar els efectes nocius en la salut humana i el medi ambient en eliminar abocaments i cremes a l&#8217;aire lliure de productes qu\u00edmics i deixalles mitjan\u00e7ant la prevenci\u00f3, la reducci\u00f3, el reciclatge i la reutilitzaci\u00f3 de residus altament contaminants.<\/li>\n<\/ul>\n<ul>\n<li>Refor\u00e7ar tecnologies per a aconseguir nivells m\u00e9s alts de productivitat econ\u00f2mica i reduir el desaprofitament d&#8217;aliments al llarg de les cadenes de producci\u00f3 i subministrament cap a un model de consum i distribuci\u00f3 de la producci\u00f3 m\u00e9s sostenible.<\/li>\n<\/ul>\n<ul>\n<li>Recuperar energies i materials mitjan\u00e7ant noves ind\u00fastries alternatives i promoure circuits de tecnologies innovadores que integrin cadenes de valor combinades per a permetre ciutats de zero residus i una ind\u00fastria de processos descarbonitzada.<\/li>\n<\/ul>\n<ul>\n<li>Prevenir i reduir la contaminaci\u00f3 de l&#8217;aigua per a garantir una major efici\u00e8ncia en el consum i en la gesti\u00f3 dels recursos i, fomentar infraestructures i ind\u00fastries sostenibles, netes i racionals.<\/li>\n<\/ul>\n<ul>\n<li>Mitigar l&#8217;emissi\u00f3 de gasos d&#8217;efecte d&#8217;hivernacle i contribuir en la consecuci\u00f3 dels ODS gr\u00e0cies al reciclatge de residus d&#8217;aliments urbans, s\u00f2lids d&#8217;aig\u00fces residuals urbanes i residus urbans de construcci\u00f3 i demolici\u00f3.<\/li>\n<\/ul>\n\t\t\t\t\t\t\t\t<\/div>\n\t\t\t\t<\/div>\n\t\t\t\t<div class=\"elementor-element elementor-element-90bd674 elementor-widget elementor-widget-text-editor\" data-id=\"90bd674\" data-element_type=\"widget\" data-e-type=\"widget\" data-widget_type=\"text-editor.default\">\n\t\t\t\t<div class=\"elementor-widget-container\">\n\t\t\t\t\t\t\t\t\t<p><em>(1) Programa de les Nacions Unides per al Medi Ambient (2024). Resum executiu de \u00abPerspectiva mundial sobre la gesti\u00f3 de residus 2024. La fi de l&#8217;era dels residus: transformaci\u00f3 de les escombraries en recursos\u00bb. Nairobi. <a href=\"https:\/\/wedocs.unep.org\/20.500.11822\/44992\" target=\"_blank\" rel=\"noopener\">https:\/\/wedocs.unep.org\/20.500.11822\/44992<\/a> URL: <a href=\"https:\/\/www.unep.org\/es\/resources\/perspectivamundial-de-la-gestion-de-residuos-2024\" target=\"_blank\" rel=\"noopener\">https:\/\/www.unep.org\/es\/resources\/perspectivamundial-de-la-gestion-de-residuos-2024<\/a>  <\/em><\/p>\n\t\t\t\t\t\t\t\t<\/div>\n\t\t\t\t<\/div>\n\t\t\t\t<div class=\"elementor-element elementor-element-4a7c15e elementor-widget elementor-widget-heading\" data-id=\"4a7c15e\" data-element_type=\"widget\" data-e-type=\"widget\" data-widget_type=\"heading.default\">\n\t\t\t\t<div class=\"elementor-widget-container\">\n\t\t\t\t\t<span class=\"elementor-heading-title elementor-size-default\"><a href=\"https:\/\/unitedcircles.eu\/\" target=\"_blank\" rel=\"noopener\">https:\/\/unitedcircles.eu\/<\/a><\/span>\t\t\t\t<\/div>\n\t\t\t\t<\/div>\n\t\t\t\t<\/div>\n\t\t\t\t<\/div>\n\t\t\t\t\t<\/div>\n\t\t\t\t<\/div>\n\t\t<div class=\"elementor-element elementor-element-c950bbf animated-slow e-flex e-con-boxed elementor-invisible e-con e-parent\" data-id=\"c950bbf\" data-element_type=\"container\" data-e-type=\"container\" data-settings=\"{&quot;background_background&quot;:&quot;classic&quot;,&quot;animation&quot;:&quot;fadeIn&quot;,&quot;animation_mobile&quot;:&quot;none&quot;}\">\n\t\t\t\t\t<div class=\"e-con-inner\">\n\t\t\t\t<div class=\"elementor-element elementor-element-74841df elementor-widget__width-initial elementor-position-top elementor-widget elementor-widget-image-box\" data-id=\"74841df\" data-element_type=\"widget\" data-e-type=\"widget\" data-widget_type=\"image-box.default\">\n\t\t\t\t<div class=\"elementor-widget-container\">\n\t\t\t\t\t<div class=\"elementor-image-box-wrapper\"><figure class=\"elementor-image-box-img\"><img fetchpriority=\"high\" decoding=\"async\" width=\"434\" height=\"433\" src=\"https:\/\/comet.technology\/wp-content\/uploads\/2025\/03\/uc_ico_1.png\" class=\"attachment-full size-full wp-image-37001\" alt=\"\" srcset=\"https:\/\/comet.technology\/wp-content\/uploads\/2025\/03\/uc_ico_1.png 434w, https:\/\/comet.technology\/wp-content\/uploads\/2025\/03\/uc_ico_1-300x300.png 300w, https:\/\/comet.technology\/wp-content\/uploads\/2025\/03\/uc_ico_1-150x150.png 150w\" sizes=\"(max-width: 434px) 100vw, 434px\" \/><\/figure><div class=\"elementor-image-box-content\"><p class=\"elementor-image-box-title\">Residus de construcci\u00f3 i demolici\u00f3 urbans<\/p><\/div><\/div>\t\t\t\t<\/div>\n\t\t\t\t<\/div>\n\t\t\t\t<div class=\"elementor-element elementor-element-aa54f60 elementor-widget__width-initial elementor-position-top elementor-widget elementor-widget-image-box\" data-id=\"aa54f60\" data-element_type=\"widget\" data-e-type=\"widget\" data-widget_type=\"image-box.default\">\n\t\t\t\t<div class=\"elementor-widget-container\">\n\t\t\t\t\t<div class=\"elementor-image-box-wrapper\"><figure class=\"elementor-image-box-img\"><img decoding=\"async\" width=\"434\" height=\"433\" src=\"https:\/\/comet.technology\/wp-content\/uploads\/2025\/03\/uc_ico_2.png\" class=\"attachment-full size-full wp-image-37004\" alt=\"\" srcset=\"https:\/\/comet.technology\/wp-content\/uploads\/2025\/03\/uc_ico_2.png 434w, https:\/\/comet.technology\/wp-content\/uploads\/2025\/03\/uc_ico_2-300x300.png 300w, https:\/\/comet.technology\/wp-content\/uploads\/2025\/03\/uc_ico_2-150x150.png 150w\" sizes=\"(max-width: 434px) 100vw, 434px\" \/><\/figure><div class=\"elementor-image-box-content\"><p class=\"elementor-image-box-title\">Aig\u00fces residuals urbanes<\/p><\/div><\/div>\t\t\t\t<\/div>\n\t\t\t\t<\/div>\n\t\t\t\t<div class=\"elementor-element elementor-element-249b41f elementor-widget__width-initial elementor-position-top elementor-widget elementor-widget-image-box\" data-id=\"249b41f\" data-element_type=\"widget\" data-e-type=\"widget\" data-widget_type=\"image-box.default\">\n\t\t\t\t<div class=\"elementor-widget-container\">\n\t\t\t\t\t<div class=\"elementor-image-box-wrapper\"><figure class=\"elementor-image-box-img\"><img decoding=\"async\" width=\"434\" height=\"433\" src=\"https:\/\/comet.technology\/wp-content\/uploads\/2025\/03\/uc_ico_3.png\" class=\"attachment-full size-full wp-image-37007\" alt=\"\" srcset=\"https:\/\/comet.technology\/wp-content\/uploads\/2025\/03\/uc_ico_3.png 434w, https:\/\/comet.technology\/wp-content\/uploads\/2025\/03\/uc_ico_3-300x300.png 300w, https:\/\/comet.technology\/wp-content\/uploads\/2025\/03\/uc_ico_3-150x150.png 150w\" sizes=\"(max-width: 434px) 100vw, 434px\" \/><\/figure><div class=\"elementor-image-box-content\"><p class=\"elementor-image-box-title\">Malbaratament alimentari urb\u00e0<\/p><\/div><\/div>\t\t\t\t<\/div>\n\t\t\t\t<\/div>\n\t\t\t\t\t<\/div>\n\t\t\t\t<\/div>\n\t\t\t\t<section class=\"elementor-section elementor-top-section elementor-element elementor-element-aaded3b elementor-section-boxed elementor-section-height-default elementor-section-height-default\" data-id=\"aaded3b\" data-element_type=\"section\" data-e-type=\"section\" data-settings=\"{&quot;background_background&quot;:&quot;classic&quot;}\">\n\t\t\t\t\t\t\t<div class=\"elementor-background-overlay\"><\/div>\n\t\t\t\t\t\t\t<div class=\"elementor-container elementor-column-gap-default\">\n\t\t\t\t\t<div class=\"elementor-column elementor-col-50 elementor-top-column elementor-element elementor-element-8e8fb2d\" data-id=\"8e8fb2d\" data-element_type=\"column\" data-e-type=\"column\">\n\t\t\t<div class=\"elementor-widget-wrap elementor-element-populated\">\n\t\t\t\t\t\t<section class=\"elementor-section elementor-inner-section elementor-element elementor-element-36d2b22 elementor-section-boxed elementor-section-height-default elementor-section-height-default\" data-id=\"36d2b22\" data-element_type=\"section\" data-e-type=\"section\">\n\t\t\t\t\t\t<div class=\"elementor-container elementor-column-gap-default\">\n\t\t\t\t\t<div class=\"elementor-column elementor-col-100 elementor-inner-column elementor-element elementor-element-2b82332\" data-id=\"2b82332\" data-element_type=\"column\" data-e-type=\"column\">\n\t\t\t<div class=\"elementor-widget-wrap elementor-element-populated\">\n\t\t\t\t\t\t<div class=\"elementor-element elementor-element-a09fcf7 elementor-widget elementor-widget-heading\" data-id=\"a09fcf7\" data-element_type=\"widget\" data-e-type=\"widget\" data-widget_type=\"heading.default\">\n\t\t\t\t<div class=\"elementor-widget-container\">\n\t\t\t\t\t<h2 class=\"elementor-heading-title elementor-size-default\"><b>CONTACTA<\/b> amb nosaltres<\/h2>\t\t\t\t<\/div>\n\t\t\t\t<\/div>\n\t\t\t\t\t<\/div>\n\t\t<\/div>\n\t\t\t\t\t<\/div>\n\t\t<\/section>\n\t\t\t\t<section class=\"elementor-section elementor-inner-section elementor-element elementor-element-4f08518 elementor-section-content-middle elementor-section-boxed elementor-section-height-default elementor-section-height-default\" data-id=\"4f08518\" data-element_type=\"section\" data-e-type=\"section\">\n\t\t\t\t\t\t<div class=\"elementor-container elementor-column-gap-default\">\n\t\t\t\t\t<div class=\"elementor-column elementor-col-100 elementor-inner-column elementor-element elementor-element-4616815\" data-id=\"4616815\" data-element_type=\"column\" data-e-type=\"column\" data-settings=\"{&quot;background_background&quot;:&quot;classic&quot;}\">\n\t\t\t<div class=\"elementor-widget-wrap elementor-element-populated\">\n\t\t\t\t\t\t<div class=\"elementor-element elementor-element-8325151 elementor-align-center elementor-mobile-align-center elementor-icon-list--layout-traditional elementor-list-item-link-full_width elementor-widget elementor-widget-icon-list\" data-id=\"8325151\" data-element_type=\"widget\" data-e-type=\"widget\" data-widget_type=\"icon-list.default\">\n\t\t\t\t<div class=\"elementor-widget-container\">\n\t\t\t\t\t\t\t<ul class=\"elementor-icon-list-items\">\n\t\t\t\t\t\t\t<li class=\"elementor-icon-list-item\">\n\t\t\t\t\t\t\t\t\t\t\t<span class=\"elementor-icon-list-icon\">\n\t\t\t\t\t\t\t<i aria-hidden=\"true\" class=\"fas fa-envelope\"><\/i>\t\t\t\t\t\t<\/span>\n\t\t\t\t\t\t\t\t\t\t<span class=\"elementor-icon-list-text\">comet@comet.technology<\/span>\n\t\t\t\t\t\t\t\t\t<\/li>\n\t\t\t\t\t\t\t\t<li class=\"elementor-icon-list-item\">\n\t\t\t\t\t\t\t\t\t\t\t<span class=\"elementor-icon-list-icon\">\n\t\t\t\t\t\t\t<i aria-hidden=\"true\" class=\"fas fa-phone-alt\"><\/i>\t\t\t\t\t\t<\/span>\n\t\t\t\t\t\t\t\t\t\t<span class=\"elementor-icon-list-text\">(+34) 930 23 91 26<\/span>\n\t\t\t\t\t\t\t\t\t<\/li>\n\t\t\t\t\t\t<\/ul>\n\t\t\t\t\t\t<\/div>\n\t\t\t\t<\/div>\n\t\t\t\t\t<\/div>\n\t\t<\/div>\n\t\t\t\t\t<\/div>\n\t\t<\/section>\n\t\t\t\t\t<\/div>\n\t\t<\/div>\n\t\t\t\t<div class=\"elementor-column elementor-col-50 elementor-top-column elementor-element elementor-element-b72202e\" data-id=\"b72202e\" data-element_type=\"column\" data-e-type=\"column\">\n\t\t\t<div class=\"elementor-widget-wrap elementor-element-populated\">\n\t\t\t\t\t\t<div class=\"elementor-element elementor-element-93e24f4 elementor-button-align-center elementor-widget elementor-widget-global elementor-global-28557 elementor-global-5987 elementor-widget-form\" data-id=\"93e24f4\" data-element_type=\"widget\" data-e-type=\"widget\" data-settings=\"{&quot;step_next_label&quot;:&quot;Seg\\u00fcent&quot;,&quot;step_previous_label&quot;:&quot;Anterior&quot;,&quot;button_width&quot;:&quot;100&quot;,&quot;step_type&quot;:&quot;number_text&quot;,&quot;step_icon_shape&quot;:&quot;circle&quot;}\" data-widget_type=\"form.default\">\n\t\t\t\t<div class=\"elementor-widget-container\">\n\t\t\t\t\t\t\t<form class=\"elementor-form\" method=\"post\" name=\"Formulari de contacte\" aria-label=\"Formulari de contacte\">\n\t\t\t<input type=\"hidden\" name=\"post_id\" value=\"36992\"\/>\n\t\t\t<input type=\"hidden\" name=\"form_id\" value=\"93e24f4\"\/>\n\t\t\t<input type=\"hidden\" name=\"referer_title\" value=\"\" \/>\n\n\t\t\t\n\t\t\t<div class=\"elementor-form-fields-wrapper elementor-labels-\">\n\t\t\t\t\t\t\t\t<div class=\"elementor-field-type-text elementor-field-group elementor-column elementor-field-group-name elementor-col-100 elementor-field-required\">\n\t\t\t\t\t\t\t\t\t\t\t\t<label for=\"form-field-name\" class=\"elementor-field-label elementor-screen-only\">\n\t\t\t\t\t\t\t\tNom\t\t\t\t\t\t\t<\/label>\n\t\t\t\t\t\t\t\t\t\t\t\t\t\t<input size=\"1\" type=\"text\" name=\"form_fields[name]\" id=\"form-field-name\" class=\"elementor-field elementor-size-sm  elementor-field-textual\" placeholder=\"Nom*\" required=\"required\">\n\t\t\t\t\t\t\t\t\t\t\t<\/div>\n\t\t\t\t\t\t\t\t<div class=\"elementor-field-type-email elementor-field-group elementor-column elementor-field-group-correo elementor-col-100 elementor-field-required\">\n\t\t\t\t\t\t\t\t\t\t\t\t<label for=\"form-field-correo\" class=\"elementor-field-label elementor-screen-only\">\n\t\t\t\t\t\t\t\tCorreu electr\u00f2nic\t\t\t\t\t\t\t<\/label>\n\t\t\t\t\t\t\t\t\t\t\t\t\t\t<input size=\"1\" type=\"email\" name=\"form_fields[correo]\" id=\"form-field-correo\" class=\"elementor-field elementor-size-sm  elementor-field-textual\" placeholder=\"Correu electr\u00f2nic*\" required=\"required\">\n\t\t\t\t\t\t\t\t\t\t\t<\/div>\n\t\t\t\t\t\t\t\t<div class=\"elementor-field-type-textarea elementor-field-group elementor-column elementor-field-group-message elementor-col-100 elementor-field-required\">\n\t\t\t\t\t\t\t\t\t\t\t\t<label for=\"form-field-message\" class=\"elementor-field-label elementor-screen-only\">\n\t\t\t\t\t\t\t\tMissatge\t\t\t\t\t\t\t<\/label>\n\t\t\t\t\t\t<textarea class=\"elementor-field-textual elementor-field  elementor-size-sm\" name=\"form_fields[message]\" id=\"form-field-message\" rows=\"4\" placeholder=\"Missatge*\" required=\"required\"><\/textarea>\t\t\t\t<\/div>\n\t\t\t\t\t\t\t\t<div class=\"elementor-field-type-acceptance elementor-field-group elementor-column elementor-field-group-legal elementor-col-100 elementor-field-required\">\n\t\t\t\t\t\t\t\t\t\t\t\t<label for=\"form-field-legal\" class=\"elementor-field-label elementor-screen-only\">\n\t\t\t\t\t\t\t\tLegal\t\t\t\t\t\t\t<\/label>\n\t\t\t\t\t\t\t\t<div class=\"elementor-field-subgroup\">\n\t\t\t<span class=\"elementor-field-option\">\n\t\t\t\t<input type=\"checkbox\" name=\"form_fields[legal]\" id=\"form-field-legal\" class=\"elementor-field elementor-size-sm  elementor-acceptance-field\" required=\"required\">\n\t\t\t\t<label for=\"form-field-legal\">Marcant aquesta casella confirmes que has llegit i acceptes la pol\u00edtica de privadesa i av\u00eds legal, per la qual cosa consenteixes que COMET GLOBAL INNOVATION S.L, guardi les teves dades segons la legislaci\u00f3 vigent, autoritzes que et contactem i est\u00e0s informat que tens dret a accedir, rectificar, limitar i suprimir les dades personals dels nostres registres.<\/label>\t\t\t<\/span>\n\t\t<\/div>\n\t\t\t\t\t\t<\/div>\n\t\t\t\t\t\t\t\t<div class=\"elementor-field-type-recaptcha elementor-field-group elementor-column elementor-field-group-field_5fb555b elementor-col-100\">\n\t\t\t\t\t<div class=\"elementor-field\" id=\"form-field-field_5fb555b\"><div class=\"elementor-g-recaptcha\" data-sitekey=\"6Leuol0aAAAAANCULIA7sRcgKkCqxyqYDxbc6S_1\" data-type=\"v2_checkbox\" data-theme=\"light\" data-size=\"normal\"><\/div><\/div>\t\t\t\t<\/div>\n\t\t\t\t\t\t\t\t<div class=\"elementor-field-type-text\">\n\t\t\t\t\t<input size=\"1\" type=\"text\" name=\"form_fields[email]\" id=\"form-field-email\" class=\"elementor-field elementor-size-sm \" style=\"display:none !important;\">\t\t\t\t<\/div>\n\t\t\t\t\t\t\t\t<div class=\"elementor-field-group elementor-column elementor-field-type-submit elementor-col-100 e-form__buttons\">\n\t\t\t\t\t<button class=\"elementor-button elementor-size-sm\" type=\"submit\">\n\t\t\t\t\t\t<span class=\"elementor-button-content-wrapper\">\n\t\t\t\t\t\t\t\t\t\t\t\t\t\t\t\t\t\t\t\t\t\t<span class=\"elementor-button-text\">Envia<\/span>\n\t\t\t\t\t\t\t\t\t\t\t\t\t<\/span>\n\t\t\t\t\t<\/button>\n\t\t\t\t<\/div>\n\t\t\t<\/div>\n\t\t<\/form>\n\t\t\t\t\t\t<\/div>\n\t\t\t\t<\/div>\n\t\t\t\t\t<\/div>\n\t\t<\/div>\n\t\t\t\t\t<\/div>\n\t\t<\/section>\n\t\t\t\t<\/div>\n\t\t","protected":false},"excerpt":{"rendered":"<p>Reduir l&#8217;escalfament global del planeta \u00e9s una prioritat que hem d&#8217;abordar amb car\u00e0cter urgent i un dels problemes apressants als quals s&#8217;enfronta la humanitat \u00e9s com gestionar els residus que generem. En resposta a aquest repte, United Circles demostrar\u00e0, amb 46 socis en 14 pa\u00efsos i un organisme internacional, com ciutats i ind\u00fastries poden treballar juntes per a reciclar les deixalles i convertir-los en productes de valor agregat, objectius que ofereixen una perspectiva que permetr\u00e0 frenar l&#8217;augment de residus i augmentar la mitigaci\u00f3 substancial del canvi clim\u00e0tic. <\/p>\n","protected":false},"author":1,"featured_media":36979,"parent":28888,"menu_order":0,"comment_status":"closed","ping_status":"closed","template":"","meta":{"_acf_changed":false,"footnotes":""},"class_list":["post-36992","page","type-page","status-publish","has-post-thumbnail","hentry"],"acf":[],"_links":{"self":[{"href":"https:\/\/comet.technology\/ca\/wp-json\/wp\/v2\/pages\/36992","targetHints":{"allow":["GET"]}}],"collection":[{"href":"https:\/\/comet.technology\/ca\/wp-json\/wp\/v2\/pages"}],"about":[{"href":"https:\/\/comet.technology\/ca\/wp-json\/wp\/v2\/types\/page"}],"author":[{"embeddable":true,"href":"https:\/\/comet.technology\/ca\/wp-json\/wp\/v2\/users\/1"}],"replies":[{"embeddable":true,"href":"https:\/\/comet.technology\/ca\/wp-json\/wp\/v2\/comments?post=36992"}],"version-history":[{"count":7,"href":"https:\/\/comet.technology\/ca\/wp-json\/wp\/v2\/pages\/36992\/revisions"}],"predecessor-version":[{"id":37028,"href":"https:\/\/comet.technology\/ca\/wp-json\/wp\/v2\/pages\/36992\/revisions\/37028"}],"up":[{"embeddable":true,"href":"https:\/\/comet.technology\/ca\/wp-json\/wp\/v2\/pages\/28888"}],"wp:featuredmedia":[{"embeddable":true,"href":"https:\/\/comet.technology\/ca\/wp-json\/wp\/v2\/media\/36979"}],"wp:attachment":[{"href":"https:\/\/comet.technology\/ca\/wp-json\/wp\/v2\/media?parent=36992"}],"curies":[{"name":"wp","href":"https:\/\/api.w.org\/{rel}","templated":true}]}}