{"id":37072,"date":"2025-03-27T11:42:24","date_gmt":"2025-03-27T10:42:24","guid":{"rendered":"https:\/\/comet.technology\/projectes\/heritalise\/"},"modified":"2025-03-27T15:42:00","modified_gmt":"2025-03-27T14:42:00","slug":"heritalise","status":"publish","type":"page","link":"https:\/\/comet.technology\/ca\/projectes\/heritalise\/","title":{"rendered":"Heritalise"},"content":{"rendered":"\t\t<div data-elementor-type=\"wp-page\" data-elementor-id=\"37072\" class=\"elementor elementor-37072 elementor-37051\" data-elementor-post-type=\"page\">\n\t\t\t\t<div class=\"elementor-element elementor-element-aa97e82 e-flex e-con-boxed e-con e-parent\" data-id=\"aa97e82\" data-element_type=\"container\" data-e-type=\"container\" data-settings=\"{&quot;background_background&quot;:&quot;classic&quot;}\">\n\t\t\t\t\t<div class=\"e-con-inner\">\n\t\t<div class=\"elementor-element elementor-element-af78924 e-con-full e-flex e-con e-child\" data-id=\"af78924\" data-element_type=\"container\" data-e-type=\"container\">\n\t\t\t\t<div class=\"elementor-element elementor-element-5f5124b elementor-widget elementor-widget-heading\" data-id=\"5f5124b\" data-element_type=\"widget\" data-e-type=\"widget\" data-widget_type=\"heading.default\">\n\t\t\t\t<div class=\"elementor-widget-container\">\n\t\t\t\t\t<h2 class=\"elementor-heading-title elementor-size-default\">Heritalise<\/h2>\t\t\t\t<\/div>\n\t\t\t\t<\/div>\n\t\t\t\t<div class=\"elementor-element elementor-element-f52b320 elementor-widget elementor-widget-heading\" data-id=\"f52b320\" data-element_type=\"widget\" data-e-type=\"widget\" data-widget_type=\"heading.default\">\n\t\t\t\t<div class=\"elementor-widget-container\">\n\t\t\t\t\t<p class=\"elementor-heading-title elementor-size-default\">RECERCA I DESENVOLUPAMENT DE SOLUCIONS AVAN\u00c7ADES DE DIGITALITZACI\u00d3 PER A DOCUMENTAR I REPRESENTAR DIVERSOS ACTIUS DEL PATRIMONI CULTURAL EUROPEU<\/p>\t\t\t\t<\/div>\n\t\t\t\t<\/div>\n\t\t\t\t<div class=\"elementor-element elementor-element-c8b1eac elementor-widget elementor-widget-text-editor\" data-id=\"c8b1eac\" data-element_type=\"widget\" data-e-type=\"widget\" data-widget_type=\"text-editor.default\">\n\t\t\t\t<div class=\"elementor-widget-container\">\n\t\t\t\t\t\t\t\t\t<p>Aquesta iniciativa, en la qual participen 17 socis interdisciplinaris de 17 pa\u00efsos representatius d&#8217;Europa, desenvolupar\u00e0 t\u00e8cniques i eines avan\u00e7ades per a diversos actius del patrimoni cultural, visibles i no visibles, que serviran per a connectar a les institucions i professionals del sector cultural gr\u00e0cies a tecnologies d&#8217;avantguarda que proporcionaran millores substancials en l&#8217;organitzaci\u00f3, gesti\u00f3, preservaci\u00f3, visibilitat, interconnectivitat, acc\u00e9s i valoritzaci\u00f3 del Patrimoni Cultural.<\/p>\n\t\t\t\t\t\t\t\t<\/div>\n\t\t\t\t<\/div>\n\t\t\t\t<\/div>\n\t\t\t\t\t<\/div>\n\t\t\t\t<\/div>\n\t\t<div class=\"elementor-element elementor-element-aa3f066 animated-slow e-flex e-con-boxed elementor-invisible e-con e-parent\" data-id=\"aa3f066\" data-element_type=\"container\" data-e-type=\"container\" data-settings=\"{&quot;animation&quot;:&quot;fadeIn&quot;,&quot;background_background&quot;:&quot;classic&quot;,&quot;animation_mobile&quot;:&quot;none&quot;}\">\n\t\t\t\t\t<div class=\"e-con-inner\">\n\t\t\t\t<div class=\"elementor-element elementor-element-eed3522 elementor-widget__width-initial elementor-widget elementor-widget-image\" data-id=\"eed3522\" data-element_type=\"widget\" data-e-type=\"widget\" data-widget_type=\"image.default\">\n\t\t\t\t<div class=\"elementor-widget-container\">\n\t\t\t\t\t\t\t\t\t\t\t\t\t\t\t<img fetchpriority=\"high\" decoding=\"async\" width=\"772\" height=\"1545\" src=\"https:\/\/comet.technology\/wp-content\/uploads\/2025\/03\/HERITALISE_LOGO-VERTICAL-1.png\" class=\"attachment-full size-full wp-image-37055\" alt=\"\" srcset=\"https:\/\/comet.technology\/wp-content\/uploads\/2025\/03\/HERITALISE_LOGO-VERTICAL-1.png 772w, https:\/\/comet.technology\/wp-content\/uploads\/2025\/03\/HERITALISE_LOGO-VERTICAL-1-150x300.png 150w, https:\/\/comet.technology\/wp-content\/uploads\/2025\/03\/HERITALISE_LOGO-VERTICAL-1-512x1024.png 512w, https:\/\/comet.technology\/wp-content\/uploads\/2025\/03\/HERITALISE_LOGO-VERTICAL-1-768x1536.png 768w\" sizes=\"(max-width: 772px) 100vw, 772px\" \/>\t\t\t\t\t\t\t\t\t\t\t\t\t\t\t<\/div>\n\t\t\t\t<\/div>\n\t\t<div class=\"elementor-element elementor-element-8420d58 animated-slow e-con-full e-flex elementor-invisible e-con e-child\" data-id=\"8420d58\" data-element_type=\"container\" data-e-type=\"container\" data-settings=\"{&quot;animation&quot;:&quot;fadeIn&quot;,&quot;animation_mobile&quot;:&quot;none&quot;}\">\n\t\t\t\t<div class=\"elementor-element elementor-element-49a1bc4 elementor-widget elementor-widget-heading\" data-id=\"49a1bc4\" data-element_type=\"widget\" data-e-type=\"widget\" data-widget_type=\"heading.default\">\n\t\t\t\t<div class=\"elementor-widget-container\">\n\t\t\t\t\t<h2 class=\"elementor-heading-title elementor-size-default\">Sobre Heritalise<\/h2>\t\t\t\t<\/div>\n\t\t\t\t<\/div>\n\t\t<div class=\"elementor-element elementor-element-a35d90d e-con-full e-flex e-con e-child\" data-id=\"a35d90d\" data-element_type=\"container\" data-e-type=\"container\" data-settings=\"{&quot;background_background&quot;:&quot;classic&quot;}\">\n\t\t\t\t<div class=\"elementor-element elementor-element-0354c9d elementor-widget elementor-widget-heading\" data-id=\"0354c9d\" data-element_type=\"widget\" data-e-type=\"widget\" data-widget_type=\"heading.default\">\n\t\t\t\t<div class=\"elementor-widget-container\">\n\t\t\t\t\t<h3 class=\"elementor-heading-title elementor-size-default\">Objectius generals del projecte<\/h3>\t\t\t\t<\/div>\n\t\t\t\t<\/div>\n\t\t\t\t<div class=\"elementor-element elementor-element-043bdd4 elementor-widget elementor-widget-text-editor\" data-id=\"043bdd4\" data-element_type=\"widget\" data-e-type=\"widget\" data-widget_type=\"text-editor.default\">\n\t\t\t\t<div class=\"elementor-widget-container\">\n\t\t\t\t\t\t\t\t\t<p>Crear eines digitals que puguin satisfer les necessitats actuals del sector cultural per a contribuir a un futur digital m\u00e9s accessible, eficient i inclusiu, atenent metodologies tecnol\u00f2giques avan\u00e7ades IA, HW\/*SW i, desenvolupaments integrats d&#8217;\u00fas compartit.<\/p>\n\t\t\t\t\t\t\t\t<\/div>\n\t\t\t\t<\/div>\n\t\t\t\t<div class=\"elementor-element elementor-element-dd3963b elementor-widget elementor-widget-heading\" data-id=\"dd3963b\" data-element_type=\"widget\" data-e-type=\"widget\" data-widget_type=\"heading.default\">\n\t\t\t\t<div class=\"elementor-widget-container\">\n\t\t\t\t\t<h3 class=\"elementor-heading-title elementor-size-default\">Objectius espec\u00edfics i aplicacions tecnologiques<\/h3>\t\t\t\t<\/div>\n\t\t\t\t<\/div>\n\t\t\t\t<div class=\"elementor-element elementor-element-f7180c5 elementor-widget elementor-widget-text-editor\" data-id=\"f7180c5\" data-element_type=\"widget\" data-e-type=\"widget\" data-widget_type=\"text-editor.default\">\n\t\t\t\t<div class=\"elementor-widget-container\">\n\t\t\t\t\t\t\t\t\t<h4>Objectius tecnol\u00f2gics<\/h4>\n<ul>\n<li>Avaluar i definir els est\u00e0ndards actuals de digitalitzaci\u00f3, les metodologies i els requisits de dades per a objectes CH tangibles i intangibles.<\/li>\n<li>Millorar les tecnologies 2D\/3D amb capacitats millorades de calibratge, metrologia i multimodal per a una digitalitzaci\u00f3 escalable i d&#8217;alta qualitat.<\/li>\n<li>Desenvolupar fluxos de treball, fusi\u00f3 de dades i algorismes impulsats per IA per a optimitzar el postprocessament, integrant dades tangibles i intangibles per a obtenir informaci\u00f3 sobre la conservaci\u00f3.<\/li>\n<li>Crear eines per a millorar la participaci\u00f3 de CH, l&#8217;accessibilitat i el seguiment en temps real dels actius digitalitzats.<\/li>\n<li>Desenvolupar components oberts per a una integraci\u00f3 de dades fluida en les bases de dades CH aprofitant les API, els est\u00e0ndards sem\u00e0ntics i les metadades.<\/li>\n<li>Abordar els desafiaments de transfer\u00e8ncia de tecnologia, estandarditzar les plataformes web i mostrar les aplicacions de digitalitzaci\u00f3 a trav\u00e9s de 4 casos d&#8217;\u00fas de prova de concepte.<\/li>\n<\/ul>\n<h4>Impactes<\/h4>\n<ul>\n<li>Millorar de la velocitat d&#8217;intervenci\u00f3 i optimitzaci\u00f3 del manteniment per a la preservaci\u00f3 del patrimoni cultural i l&#8217;efic\u00e0cia de la preservaci\u00f3 aconseguint una velocitat d&#8217;intervenci\u00f3 un 40% m\u00e9s r\u00e0pida i un manteniment optimitzat i minimitzant els riscos de danys irreversibles en permetre la detecci\u00f3 precisa de problemes ocults, una precisi\u00f3 geom\u00e8trica millorada i una an\u00e0lisi avan\u00e7ada a trav\u00e9s de HBIM i fusi\u00f3 de dades.<\/li>\n<li>Aconseguir que 2.000 professionals del patrimoni col\u00b7laborin de noves maneres, benefici\u00efn a 100 parts interessades i arribin fins a 10 milions d&#8217;usuaris, millorant el comprom\u00eds dels museus amb les col\u00b7leccions i el p\u00fablic, al mateix temps que alinear\u00e0 el treball patrimonial amb els Objectius de Desenvolupament Sostenible per a donar suport a l&#8217;educaci\u00f3, l&#8217;economia i la societat.<\/li>\n<li>Proporcionar un 70% m\u00e9s d&#8217;acc\u00e9s democr\u00e0tic a un ecosistema de programari i dades distribu\u00efdes i basades en FAIR generant un estalvi de costos del 50% en manteniment i monitoratge i millorant significativament l&#8217;efici\u00e8ncia i efectivitat de la planificaci\u00f3 de la preservaci\u00f3.<\/li>\n<li>Involucrar al p\u00fablic m\u00e9s profundament, fomentant l&#8217;aprenentatge i les connexions comunit\u00e0ries, al mateix temps que facilita xarxes de col\u00b7laboraci\u00f3 en tota Europa i m\u00e9s enll\u00e0.<\/li>\n<li>Millorar la precisi\u00f3 de la digitalitzaci\u00f3, permetent que els bessons digitals representin de manera aut\u00e8ntica objectes patrimonials i fer costat a les organitzacions patrimonials, impulsar el turisme i l&#8217;educaci\u00f3, i enfortir la identitat europea.<\/li>\n<li>Millorar, gr\u00e0cies a la digitalitzaci\u00f3, l&#8217;acc\u00e9s dels museus de tota Europa, fent que els recursos siguin recognoscibles i enriquits contextualment.<\/li>\n<li>Donar suport als objectius del Pacte Verd de la UE contribuint als esfor\u00e7os de seguiment, adaptaci\u00f3, mitigaci\u00f3 i comunicaci\u00f3 per a fer front a l&#8217;emerg\u00e8ncia clim\u00e0tica.<\/li>\n<\/ul>\n<ul>\n<li>Donar suport als objectius de la Bauhaus Europea millorant l&#8217;acc\u00e9s al patrimoni digital a trav\u00e9s de la ECCCH, millorar la digitalitzaci\u00f3 i proporcionar metadades detallades perqu\u00e8 el patrimoni digital inspiri la creativitat i contribueixi al moviment de la Nova Bauhaus Europea.<\/li>\n<\/ul>\n\t\t\t\t\t\t\t\t<\/div>\n\t\t\t\t<\/div>\n\t\t\t\t<div class=\"elementor-element elementor-element-903e4f1 elementor-widget elementor-widget-heading\" data-id=\"903e4f1\" data-element_type=\"widget\" data-e-type=\"widget\" data-widget_type=\"heading.default\">\n\t\t\t\t<div class=\"elementor-widget-container\">\n\t\t\t\t\t<span class=\"elementor-heading-title elementor-size-default\"><a href=\"https:\/\/heritalise-eccch.eu\/\" target=\"_blank\" rel=\"noopener\">https:\/\/heritalise-eccch.eu\/<\/a><\/span>\t\t\t\t<\/div>\n\t\t\t\t<\/div>\n\t\t\t\t<\/div>\n\t\t\t\t<\/div>\n\t\t\t\t\t<\/div>\n\t\t\t\t<\/div>\n\t\t<div class=\"elementor-element elementor-element-89d4789 animated-slow e-flex e-con-boxed elementor-invisible e-con e-parent\" data-id=\"89d4789\" data-element_type=\"container\" data-e-type=\"container\" data-settings=\"{&quot;background_background&quot;:&quot;classic&quot;,&quot;animation&quot;:&quot;fadeIn&quot;,&quot;animation_mobile&quot;:&quot;none&quot;}\">\n\t\t\t\t\t<div class=\"e-con-inner\">\n\t\t\t\t<div class=\"elementor-element elementor-element-51fea31 elementor-widget-tablet__width-initial elementor-position-top elementor-widget elementor-widget-image-box\" data-id=\"51fea31\" data-element_type=\"widget\" data-e-type=\"widget\" data-widget_type=\"image-box.default\">\n\t\t\t\t<div class=\"elementor-widget-container\">\n\t\t\t\t\t<div class=\"elementor-image-box-wrapper\"><figure class=\"elementor-image-box-img\"><img decoding=\"async\" src=\"https:\/\/comet.technology\/wp-content\/uploads\/2025\/03\/heritalise_pilot_scotland.svg\" class=\"attachment-full size-full wp-image-37058\" alt=\"\" \/><\/figure><div class=\"elementor-image-box-content\"><p class=\"elementor-image-box-title\"><u>Centre pilot<\/u> <\/br> West Highland Museum <\/br> Fort William, Scotland<\/p><\/div><\/div>\t\t\t\t<\/div>\n\t\t\t\t<\/div>\n\t\t\t\t<div class=\"elementor-element elementor-element-949d8a4 elementor-widget-tablet__width-initial elementor-position-top elementor-widget elementor-widget-image-box\" data-id=\"949d8a4\" data-element_type=\"widget\" data-e-type=\"widget\" data-widget_type=\"image-box.default\">\n\t\t\t\t<div class=\"elementor-widget-container\">\n\t\t\t\t\t<div class=\"elementor-image-box-wrapper\"><figure class=\"elementor-image-box-img\"><img decoding=\"async\" src=\"https:\/\/comet.technology\/wp-content\/uploads\/2025\/03\/heritalise_pilot_scotland2.svg\" class=\"attachment-full size-full wp-image-37067\" alt=\"\" \/><\/figure><div class=\"elementor-image-box-content\"><p class=\"elementor-image-box-title\"><u>Centre pilot<\/u> <\/br>Timespan Museum <\/br> Highlands, Scotland<\/p><\/div><\/div>\t\t\t\t<\/div>\n\t\t\t\t<\/div>\n\t\t\t\t<div class=\"elementor-element elementor-element-0280620 elementor-widget-tablet__width-initial elementor-position-top elementor-widget elementor-widget-image-box\" data-id=\"0280620\" data-element_type=\"widget\" data-e-type=\"widget\" data-widget_type=\"image-box.default\">\n\t\t\t\t<div class=\"elementor-widget-container\">\n\t\t\t\t\t<div class=\"elementor-image-box-wrapper\"><figure class=\"elementor-image-box-img\"><img decoding=\"async\" src=\"https:\/\/comet.technology\/wp-content\/uploads\/2025\/03\/heritalise_pilot_italy.svg\" class=\"attachment-full size-full wp-image-37064\" alt=\"\" \/><\/figure><div class=\"elementor-image-box-content\"><p class=\"elementor-image-box-title\"><u>Centre pilot<\/u> <\/br>Reggia di Venaria Reale<\/br> Turin, Italy\u200b<\/p><\/div><\/div>\t\t\t\t<\/div>\n\t\t\t\t<\/div>\n\t\t\t\t<div class=\"elementor-element elementor-element-4338fb9 elementor-widget-tablet__width-initial elementor-position-top elementor-widget elementor-widget-image-box\" data-id=\"4338fb9\" data-element_type=\"widget\" data-e-type=\"widget\" data-widget_type=\"image-box.default\">\n\t\t\t\t<div class=\"elementor-widget-container\">\n\t\t\t\t\t<div class=\"elementor-image-box-wrapper\"><figure class=\"elementor-image-box-img\"><img decoding=\"async\" src=\"https:\/\/comet.technology\/wp-content\/uploads\/2025\/03\/heritalise_pilot_malta.svg\" class=\"attachment-full size-full wp-image-37061\" alt=\"\" \/><\/figure><div class=\"elementor-image-box-content\"><p class=\"elementor-image-box-title\"><u>Centre pilot<\/u> <\/br>Villa Portelli <\/br> Kalkara, Malta\u200b<\/p><\/div><\/div>\t\t\t\t<\/div>\n\t\t\t\t<\/div>\n\t\t\t\t\t<\/div>\n\t\t\t\t<\/div>\n\t\t\t\t<section class=\"elementor-section elementor-top-section elementor-element elementor-element-b8459ed elementor-section-boxed elementor-section-height-default elementor-section-height-default\" data-id=\"b8459ed\" data-element_type=\"section\" data-e-type=\"section\" data-settings=\"{&quot;background_background&quot;:&quot;classic&quot;}\">\n\t\t\t\t\t\t\t<div class=\"elementor-background-overlay\"><\/div>\n\t\t\t\t\t\t\t<div class=\"elementor-container elementor-column-gap-default\">\n\t\t\t\t\t<div class=\"elementor-column elementor-col-50 elementor-top-column elementor-element elementor-element-9b91b90\" data-id=\"9b91b90\" data-element_type=\"column\" data-e-type=\"column\">\n\t\t\t<div class=\"elementor-widget-wrap elementor-element-populated\">\n\t\t\t\t\t\t<section class=\"elementor-section elementor-inner-section elementor-element elementor-element-685bd29 elementor-section-boxed elementor-section-height-default elementor-section-height-default\" data-id=\"685bd29\" data-element_type=\"section\" data-e-type=\"section\">\n\t\t\t\t\t\t<div class=\"elementor-container elementor-column-gap-default\">\n\t\t\t\t\t<div class=\"elementor-column elementor-col-100 elementor-inner-column elementor-element elementor-element-7cfd191\" data-id=\"7cfd191\" data-element_type=\"column\" data-e-type=\"column\">\n\t\t\t<div class=\"elementor-widget-wrap elementor-element-populated\">\n\t\t\t\t\t\t<div class=\"elementor-element elementor-element-3e433c5 elementor-widget elementor-widget-heading\" data-id=\"3e433c5\" data-element_type=\"widget\" data-e-type=\"widget\" data-widget_type=\"heading.default\">\n\t\t\t\t<div class=\"elementor-widget-container\">\n\t\t\t\t\t<h2 class=\"elementor-heading-title elementor-size-default\"><b>CONTACTA<\/b> amb nosaltres<\/h2>\t\t\t\t<\/div>\n\t\t\t\t<\/div>\n\t\t\t\t\t<\/div>\n\t\t<\/div>\n\t\t\t\t\t<\/div>\n\t\t<\/section>\n\t\t\t\t<section class=\"elementor-section elementor-inner-section elementor-element elementor-element-9c7213b elementor-section-content-middle elementor-section-boxed elementor-section-height-default elementor-section-height-default\" data-id=\"9c7213b\" data-element_type=\"section\" data-e-type=\"section\">\n\t\t\t\t\t\t<div class=\"elementor-container elementor-column-gap-default\">\n\t\t\t\t\t<div class=\"elementor-column elementor-col-100 elementor-inner-column elementor-element elementor-element-1732e36\" data-id=\"1732e36\" data-element_type=\"column\" data-e-type=\"column\" data-settings=\"{&quot;background_background&quot;:&quot;classic&quot;}\">\n\t\t\t<div class=\"elementor-widget-wrap elementor-element-populated\">\n\t\t\t\t\t\t<div class=\"elementor-element elementor-element-486aff8 elementor-align-center elementor-mobile-align-center elementor-icon-list--layout-traditional elementor-list-item-link-full_width elementor-widget elementor-widget-icon-list\" data-id=\"486aff8\" data-element_type=\"widget\" data-e-type=\"widget\" data-widget_type=\"icon-list.default\">\n\t\t\t\t<div class=\"elementor-widget-container\">\n\t\t\t\t\t\t\t<ul class=\"elementor-icon-list-items\">\n\t\t\t\t\t\t\t<li class=\"elementor-icon-list-item\">\n\t\t\t\t\t\t\t\t\t\t\t<span class=\"elementor-icon-list-icon\">\n\t\t\t\t\t\t\t<i aria-hidden=\"true\" class=\"fas fa-envelope\"><\/i>\t\t\t\t\t\t<\/span>\n\t\t\t\t\t\t\t\t\t\t<span class=\"elementor-icon-list-text\">comet@comet.technology<\/span>\n\t\t\t\t\t\t\t\t\t<\/li>\n\t\t\t\t\t\t\t\t<li class=\"elementor-icon-list-item\">\n\t\t\t\t\t\t\t\t\t\t\t<span class=\"elementor-icon-list-icon\">\n\t\t\t\t\t\t\t<i aria-hidden=\"true\" class=\"fas fa-phone-alt\"><\/i>\t\t\t\t\t\t<\/span>\n\t\t\t\t\t\t\t\t\t\t<span class=\"elementor-icon-list-text\">(+34) 930 23 91 26<\/span>\n\t\t\t\t\t\t\t\t\t<\/li>\n\t\t\t\t\t\t<\/ul>\n\t\t\t\t\t\t<\/div>\n\t\t\t\t<\/div>\n\t\t\t\t\t<\/div>\n\t\t<\/div>\n\t\t\t\t\t<\/div>\n\t\t<\/section>\n\t\t\t\t\t<\/div>\n\t\t<\/div>\n\t\t\t\t<div class=\"elementor-column elementor-col-50 elementor-top-column elementor-element elementor-element-e0d76f7\" data-id=\"e0d76f7\" data-element_type=\"column\" data-e-type=\"column\">\n\t\t\t<div class=\"elementor-widget-wrap elementor-element-populated\">\n\t\t\t\t\t\t<div class=\"elementor-element elementor-element-8fbc184 elementor-button-align-center elementor-widget elementor-widget-global elementor-global-28557 elementor-global-5987 elementor-widget-form\" data-id=\"8fbc184\" data-element_type=\"widget\" data-e-type=\"widget\" data-settings=\"{&quot;step_next_label&quot;:&quot;Seg\\u00fcent&quot;,&quot;step_previous_label&quot;:&quot;Anterior&quot;,&quot;button_width&quot;:&quot;100&quot;,&quot;step_type&quot;:&quot;number_text&quot;,&quot;step_icon_shape&quot;:&quot;circle&quot;}\" data-widget_type=\"form.default\">\n\t\t\t\t<div class=\"elementor-widget-container\">\n\t\t\t\t\t\t\t<form class=\"elementor-form\" method=\"post\" name=\"Formulari de contacte\" aria-label=\"Formulari de contacte\">\n\t\t\t<input type=\"hidden\" name=\"post_id\" value=\"37072\"\/>\n\t\t\t<input type=\"hidden\" name=\"form_id\" value=\"8fbc184\"\/>\n\t\t\t<input type=\"hidden\" name=\"referer_title\" value=\"\" \/>\n\n\t\t\t\n\t\t\t<div class=\"elementor-form-fields-wrapper elementor-labels-\">\n\t\t\t\t\t\t\t\t<div class=\"elementor-field-type-text elementor-field-group elementor-column elementor-field-group-name elementor-col-100 elementor-field-required\">\n\t\t\t\t\t\t\t\t\t\t\t\t<label for=\"form-field-name\" class=\"elementor-field-label elementor-screen-only\">\n\t\t\t\t\t\t\t\tNom\t\t\t\t\t\t\t<\/label>\n\t\t\t\t\t\t\t\t\t\t\t\t\t\t<input size=\"1\" type=\"text\" name=\"form_fields[name]\" id=\"form-field-name\" class=\"elementor-field elementor-size-sm  elementor-field-textual\" placeholder=\"Nom*\" required=\"required\">\n\t\t\t\t\t\t\t\t\t\t\t<\/div>\n\t\t\t\t\t\t\t\t<div class=\"elementor-field-type-email elementor-field-group elementor-column elementor-field-group-correo elementor-col-100 elementor-field-required\">\n\t\t\t\t\t\t\t\t\t\t\t\t<label for=\"form-field-correo\" class=\"elementor-field-label elementor-screen-only\">\n\t\t\t\t\t\t\t\tCorreu electr\u00f2nic\t\t\t\t\t\t\t<\/label>\n\t\t\t\t\t\t\t\t\t\t\t\t\t\t<input size=\"1\" type=\"email\" name=\"form_fields[correo]\" id=\"form-field-correo\" class=\"elementor-field elementor-size-sm  elementor-field-textual\" placeholder=\"Correu electr\u00f2nic*\" required=\"required\">\n\t\t\t\t\t\t\t\t\t\t\t<\/div>\n\t\t\t\t\t\t\t\t<div class=\"elementor-field-type-textarea elementor-field-group elementor-column elementor-field-group-message elementor-col-100 elementor-field-required\">\n\t\t\t\t\t\t\t\t\t\t\t\t<label for=\"form-field-message\" class=\"elementor-field-label elementor-screen-only\">\n\t\t\t\t\t\t\t\tMissatge\t\t\t\t\t\t\t<\/label>\n\t\t\t\t\t\t<textarea class=\"elementor-field-textual elementor-field  elementor-size-sm\" name=\"form_fields[message]\" id=\"form-field-message\" rows=\"4\" placeholder=\"Missatge*\" required=\"required\"><\/textarea>\t\t\t\t<\/div>\n\t\t\t\t\t\t\t\t<div class=\"elementor-field-type-acceptance elementor-field-group elementor-column elementor-field-group-legal elementor-col-100 elementor-field-required\">\n\t\t\t\t\t\t\t\t\t\t\t\t<label for=\"form-field-legal\" class=\"elementor-field-label elementor-screen-only\">\n\t\t\t\t\t\t\t\tLegal\t\t\t\t\t\t\t<\/label>\n\t\t\t\t\t\t\t\t<div class=\"elementor-field-subgroup\">\n\t\t\t<span class=\"elementor-field-option\">\n\t\t\t\t<input type=\"checkbox\" name=\"form_fields[legal]\" id=\"form-field-legal\" class=\"elementor-field elementor-size-sm  elementor-acceptance-field\" required=\"required\">\n\t\t\t\t<label for=\"form-field-legal\">Marcant aquesta casella confirmes que has llegit i acceptes la pol\u00edtica de privadesa i av\u00eds legal, per la qual cosa consenteixes que COMET GLOBAL INNOVATION S.L, guardi les teves dades segons la legislaci\u00f3 vigent, autoritzes que et contactem i est\u00e0s informat que tens dret a accedir, rectificar, limitar i suprimir les dades personals dels nostres registres.<\/label>\t\t\t<\/span>\n\t\t<\/div>\n\t\t\t\t\t\t<\/div>\n\t\t\t\t\t\t\t\t<div class=\"elementor-field-type-recaptcha elementor-field-group elementor-column elementor-field-group-field_5fb555b elementor-col-100\">\n\t\t\t\t\t<div class=\"elementor-field\" id=\"form-field-field_5fb555b\"><div class=\"elementor-g-recaptcha\" data-sitekey=\"6Leuol0aAAAAANCULIA7sRcgKkCqxyqYDxbc6S_1\" data-type=\"v2_checkbox\" data-theme=\"light\" data-size=\"normal\"><\/div><\/div>\t\t\t\t<\/div>\n\t\t\t\t\t\t\t\t<div class=\"elementor-field-type-text\">\n\t\t\t\t\t<input size=\"1\" type=\"text\" name=\"form_fields[email]\" id=\"form-field-email\" class=\"elementor-field elementor-size-sm \" style=\"display:none !important;\">\t\t\t\t<\/div>\n\t\t\t\t\t\t\t\t<div class=\"elementor-field-group elementor-column elementor-field-type-submit elementor-col-100 e-form__buttons\">\n\t\t\t\t\t<button class=\"elementor-button elementor-size-sm\" type=\"submit\">\n\t\t\t\t\t\t<span class=\"elementor-button-content-wrapper\">\n\t\t\t\t\t\t\t\t\t\t\t\t\t\t\t\t\t\t\t\t\t\t<span class=\"elementor-button-text\">Envia<\/span>\n\t\t\t\t\t\t\t\t\t\t\t\t\t<\/span>\n\t\t\t\t\t<\/button>\n\t\t\t\t<\/div>\n\t\t\t<\/div>\n\t\t<\/form>\n\t\t\t\t\t\t<\/div>\n\t\t\t\t<\/div>\n\t\t\t\t\t<\/div>\n\t\t<\/div>\n\t\t\t\t\t<\/div>\n\t\t<\/section>\n\t\t\t\t<\/div>\n\t\t","protected":false},"excerpt":{"rendered":"<p>Aquesta iniciativa, en la qual participen 17 socis interdisciplinaris de 17 pa\u00efsos representatius d&#8217;Europa, desenvolupar\u00e0 t\u00e8cniques i eines avan\u00e7ades per a diversos actius del patrimoni cultural, visibles i no visibles, que serviran per a connectar a les institucions i professionals del sector cultural gr\u00e0cies a tecnologies d&#8217;avantguarda que proporcionaran millores substancials en l&#8217;organitzaci\u00f3, gesti\u00f3, preservaci\u00f3, visibilitat, interconnectivitat, acc\u00e9s i valoritzaci\u00f3 del Patrimoni Cultural.<\/p>\n","protected":false},"author":1,"featured_media":37087,"parent":28888,"menu_order":0,"comment_status":"closed","ping_status":"closed","template":"","meta":{"_acf_changed":false,"footnotes":""},"class_list":["post-37072","page","type-page","status-publish","has-post-thumbnail","hentry"],"acf":[],"_links":{"self":[{"href":"https:\/\/comet.technology\/ca\/wp-json\/wp\/v2\/pages\/37072","targetHints":{"allow":["GET"]}}],"collection":[{"href":"https:\/\/comet.technology\/ca\/wp-json\/wp\/v2\/pages"}],"about":[{"href":"https:\/\/comet.technology\/ca\/wp-json\/wp\/v2\/types\/page"}],"author":[{"embeddable":true,"href":"https:\/\/comet.technology\/ca\/wp-json\/wp\/v2\/users\/1"}],"replies":[{"embeddable":true,"href":"https:\/\/comet.technology\/ca\/wp-json\/wp\/v2\/comments?post=37072"}],"version-history":[{"count":3,"href":"https:\/\/comet.technology\/ca\/wp-json\/wp\/v2\/pages\/37072\/revisions"}],"predecessor-version":[{"id":37089,"href":"https:\/\/comet.technology\/ca\/wp-json\/wp\/v2\/pages\/37072\/revisions\/37089"}],"up":[{"embeddable":true,"href":"https:\/\/comet.technology\/ca\/wp-json\/wp\/v2\/pages\/28888"}],"wp:featuredmedia":[{"embeddable":true,"href":"https:\/\/comet.technology\/ca\/wp-json\/wp\/v2\/media\/37087"}],"wp:attachment":[{"href":"https:\/\/comet.technology\/ca\/wp-json\/wp\/v2\/media?parent=37072"}],"curies":[{"name":"wp","href":"https:\/\/api.w.org\/{rel}","templated":true}]}}