{"id":36802,"date":"2025-03-19T08:45:14","date_gmt":"2025-03-19T07:45:14","guid":{"rendered":"https:\/\/comet.technology\/?page_id=36802"},"modified":"2025-03-19T16:34:55","modified_gmt":"2025-03-19T15:34:55","slug":"pecaths","status":"publish","type":"page","link":"https:\/\/comet.technology\/es\/proyectos\/pecaths\/","title":{"rendered":"PeCATHS"},"content":{"rendered":"\t\t<div data-elementor-type=\"wp-page\" data-elementor-id=\"36802\" class=\"elementor elementor-36802\" data-elementor-post-type=\"page\">\n\t\t\t\t<div class=\"elementor-element elementor-element-253b375 e-flex e-con-boxed e-con e-parent\" data-id=\"253b375\" data-element_type=\"container\" data-e-type=\"container\" data-settings=\"{&quot;background_background&quot;:&quot;classic&quot;}\">\n\t\t\t\t\t<div class=\"e-con-inner\">\n\t\t<div class=\"elementor-element elementor-element-093c280 e-con-full e-flex e-con e-child\" data-id=\"093c280\" data-element_type=\"container\" data-e-type=\"container\">\n\t\t\t\t<div class=\"elementor-element elementor-element-fd6556d elementor-widget elementor-widget-heading\" data-id=\"fd6556d\" data-element_type=\"widget\" data-e-type=\"widget\" data-widget_type=\"heading.default\">\n\t\t\t\t<div class=\"elementor-widget-container\">\n\t\t\t\t\t<h2 class=\"elementor-heading-title elementor-size-default\">PeCATHS<\/h2>\t\t\t\t<\/div>\n\t\t\t\t<\/div>\n\t\t\t\t<div class=\"elementor-element elementor-element-649a945 elementor-widget elementor-widget-heading\" data-id=\"649a945\" data-element_type=\"widget\" data-e-type=\"widget\" data-widget_type=\"heading.default\">\n\t\t\t\t<div class=\"elementor-widget-container\">\n\t\t\t\t\t<p class=\"elementor-heading-title elementor-size-default\">HIDR\u00d3GENO ORG\u00c1NICO L\u00cdQUIDO PARA SISTEMAS DE ALMACENAMIENTO DE ENERG\u00cdA A LARGO PLAZO<\/p>\t\t\t\t<\/div>\n\t\t\t\t<\/div>\n\t\t\t\t<div class=\"elementor-element elementor-element-c31b4ab elementor-widget elementor-widget-text-editor\" data-id=\"c31b4ab\" data-element_type=\"widget\" data-e-type=\"widget\" data-widget_type=\"text-editor.default\">\n\t\t\t\t<div class=\"elementor-widget-container\">\n\t\t\t\t\t\t\t\t\t<p>Este proyecto financiado por la UE, gracias a las principales ventajas que aporta la tecnolog\u00eda de los portadores org\u00e1nicos l\u00edquidos de hidr\u00f3geno (LOCH) como la capacidad de convertir el hidr\u00f3geno gaseoso en un portador energ\u00e9tico l\u00edquido estable, mejorar\u00e1 notablemente su almacenamiento, transporte y distribuci\u00f3n. Su principal objetivo ser\u00e1 desarrollar un sistema integrado de almacenamiento de energ\u00eda a largo plazo utilizando hidr\u00f3geno en LOHCs, combinado con una innovadora conversi\u00f3n de biomasa que permitir\u00e1 transferir directamente el hidr\u00f3geno sin necesidad de producir gas y productos qu\u00edmicos garantizando una mejora en la gesti\u00f3n eficiente y sostenible de los recursos.<\/p>\t\t\t\t\t\t\t\t<\/div>\n\t\t\t\t<\/div>\n\t\t\t\t<\/div>\n\t\t\t\t\t<\/div>\n\t\t\t\t<\/div>\n\t\t<div class=\"elementor-element elementor-element-48a90d7 animated-slow e-flex e-con-boxed elementor-invisible e-con e-parent\" data-id=\"48a90d7\" data-element_type=\"container\" data-e-type=\"container\" data-settings=\"{&quot;animation&quot;:&quot;fadeIn&quot;,&quot;background_background&quot;:&quot;classic&quot;,&quot;animation_mobile&quot;:&quot;none&quot;}\">\n\t\t\t\t\t<div class=\"e-con-inner\">\n\t\t\t\t<div class=\"elementor-element elementor-element-60a2855 elementor-widget__width-initial elementor-widget elementor-widget-image\" data-id=\"60a2855\" data-element_type=\"widget\" data-e-type=\"widget\" data-widget_type=\"image.default\">\n\t\t\t\t<div class=\"elementor-widget-container\">\n\t\t\t\t\t\t\t\t\t\t\t\t\t\t\t<img fetchpriority=\"high\" decoding=\"async\" width=\"1335\" height=\"950\" src=\"https:\/\/comet.technology\/wp-content\/uploads\/2025\/03\/PECATHS-LOGO_COLOR_VERTICAL.png\" class=\"attachment-full size-full wp-image-36862\" alt=\"\" srcset=\"https:\/\/comet.technology\/wp-content\/uploads\/2025\/03\/PECATHS-LOGO_COLOR_VERTICAL.png 1335w, https:\/\/comet.technology\/wp-content\/uploads\/2025\/03\/PECATHS-LOGO_COLOR_VERTICAL-300x213.png 300w, https:\/\/comet.technology\/wp-content\/uploads\/2025\/03\/PECATHS-LOGO_COLOR_VERTICAL-1024x729.png 1024w, https:\/\/comet.technology\/wp-content\/uploads\/2025\/03\/PECATHS-LOGO_COLOR_VERTICAL-768x547.png 768w\" sizes=\"(max-width: 1335px) 100vw, 1335px\" \/>\t\t\t\t\t\t\t\t\t\t\t\t\t\t\t<\/div>\n\t\t\t\t<\/div>\n\t\t<div class=\"elementor-element elementor-element-d789b73 animated-slow e-con-full e-flex elementor-invisible e-con e-child\" data-id=\"d789b73\" data-element_type=\"container\" data-e-type=\"container\" data-settings=\"{&quot;animation&quot;:&quot;fadeIn&quot;,&quot;animation_mobile&quot;:&quot;none&quot;}\">\n\t\t\t\t<div class=\"elementor-element elementor-element-2f07eb3 elementor-widget elementor-widget-heading\" data-id=\"2f07eb3\" data-element_type=\"widget\" data-e-type=\"widget\" data-widget_type=\"heading.default\">\n\t\t\t\t<div class=\"elementor-widget-container\">\n\t\t\t\t\t<h2 class=\"elementor-heading-title elementor-size-default\">Sobre PeCATHS<\/h2>\t\t\t\t<\/div>\n\t\t\t\t<\/div>\n\t\t<div class=\"elementor-element elementor-element-91adddb e-con-full e-flex e-con e-child\" data-id=\"91adddb\" data-element_type=\"container\" data-e-type=\"container\" data-settings=\"{&quot;background_background&quot;:&quot;classic&quot;}\">\n\t\t\t\t<div class=\"elementor-element elementor-element-627eed2 elementor-widget elementor-widget-heading\" data-id=\"627eed2\" data-element_type=\"widget\" data-e-type=\"widget\" data-widget_type=\"heading.default\">\n\t\t\t\t<div class=\"elementor-widget-container\">\n\t\t\t\t\t<h3 class=\"elementor-heading-title elementor-size-default\">Objetivos generales del proyecto<\/h3>\t\t\t\t<\/div>\n\t\t\t\t<\/div>\n\t\t\t\t<div class=\"elementor-element elementor-element-508a574 elementor-widget elementor-widget-text-editor\" data-id=\"508a574\" data-element_type=\"widget\" data-e-type=\"widget\" data-widget_type=\"text-editor.default\">\n\t\t\t\t<div class=\"elementor-widget-container\">\n\t\t\t\t\t\t\t\t\t<p><strong>Concepto clave 1<\/strong>: Simplificar la integraci\u00f3n y costes en comparaci\u00f3n con otros sistemas convencionales, al utilizar biomasa como fuente de hidr\u00f3geno y energ\u00eda solar como fuente de energ\u00eda renovable.<\/p><p><strong>Concepto clave 2<\/strong>: Desarrollar un sistema integrado de almacenamiento de energ\u00eda a largo plazo con el fin de gestionar de forma m\u00e1s eficiente y sostenible la necesidad de almacenamiento, transporte y distribuci\u00f3n de la energ\u00eda.<\/p>\t\t\t\t\t\t\t\t<\/div>\n\t\t\t\t<\/div>\n\t\t\t\t<div class=\"elementor-element elementor-element-97cdb54 elementor-widget elementor-widget-heading\" data-id=\"97cdb54\" data-element_type=\"widget\" data-e-type=\"widget\" data-widget_type=\"heading.default\">\n\t\t\t\t<div class=\"elementor-widget-container\">\n\t\t\t\t\t<h3 class=\"elementor-heading-title elementor-size-default\">Objetivos espec\u00edficos y aplicaciones tecnol\u00f3gicas<\/h3>\t\t\t\t<\/div>\n\t\t\t\t<\/div>\n\t\t\t\t<div class=\"elementor-element elementor-element-3e795df elementor-widget elementor-widget-text-editor\" data-id=\"3e795df\" data-element_type=\"widget\" data-e-type=\"widget\" data-widget_type=\"text-editor.default\">\n\t\t\t\t<div class=\"elementor-widget-container\">\n\t\t\t\t\t\t\t\t\t<h4>Objetivos tecnol\u00f3gicos<\/h4>\n<ul>\n<li>Desarrollar electrodos y fotoelectrodos selectivos y estables para la valorizaci\u00f3n de biomasa y la hidrogenaci\u00f3n de portadores org\u00e1nicos.<\/li>\n<li>Desarrollar un sistema integrado rentable mediante el uso de transformaciones (foto)electrocatal\u00edticas avanzadas.<\/li>\n<li>Integrar el hidr\u00f3geno en los LOHC sin las complejidades de la compresi\u00f3n y el almacenamiento del gas para reducir costes de almacenamiento de energ\u00eda.<\/li>\n<li>Sintetizar productos qu\u00edmicos de plataforma para lograr el almacenamiento de energ\u00eda a largo plazo en forma l\u00edquida.<\/li>\n<li>Contribuir al desarrollo de estructuras energ\u00e9ticas sostenibles vitales para las futuras redes de energ\u00eda con un sistema de almacenamiento, transporte y distribuci\u00f3n inteligente e innovador, a largo plazo, sin necesidad de producir gas de hidr\u00f3geno que permita mejorar la sostenibilidad y eficiencia de los sistemas energ\u00e9ticos.<\/li>\n<\/ul>\n<h4>Impactos<\/h4>\n<ul>\n<li>Desarrollar un sistema novedoso fotoelectroqu\u00edmico de conversi\u00f3n de energ\u00eda como proceso sostenible para el almacenamiento de energ\u00eda a largo plazo, para invertir el cambio clim\u00e1tico sustituyendo los precursores basados en combustibles f\u00f3siles por derivados de la biomasa.<\/li>\n<li>Emplear una estrategia rentable que utiliza la biomasa como fuente de hidr\u00f3geno y la energ\u00eda solar como fuente de energ\u00eda renovable para reducir los costes y aumentar la competitividad frente a sistemas actuales de almacenamiento de energ\u00eda.<\/li>\n<li>Mejorar la econom\u00eda asociada a esta tecnolog\u00eda gracias a la integraci\u00f3n directa del hidr\u00f3geno en los LOHC sin las complejidades de la comprensi\u00f3n y almacenamiento del gas. Esta tecnolog\u00eda tiene el potencial de transformar la industria qu\u00edmica en un sector m\u00e1s verde y proporcionar ingresos adicionales para sostener el sector primario, convirti\u00e9ndolo en un contribuyente neto para abordar el efecto invernadero.<\/li><li>Explorar nuevos procedimientos sostenibles para trasformar derivados de la biomasa en productos de valor a\u00f1adido como el \u00e1cido 2,5- furandicarbox\u00edlico (FDCA) o el \u00e1cido gluc\u00e1rico, simult\u00e1neamente con la hidrogenaci\u00f3n de los LOHC.<\/li>\n<li>Abordar soluciones sostenibles de almacenamiento, transporte y distribuci\u00f3n de energ\u00eda que contribuyan al desarrollo de infraestructuras energ\u00e9ticas vitales para las futuras redes de energ\u00eda en UE y permitan reducir la huella de carbono de los sistemas energ\u00e9ticos para aumentar la mitigaci\u00f3n del cambio clim\u00e1tico.<\/li>\n<\/ul>\t\t\t\t\t\t\t\t<\/div>\n\t\t\t\t<\/div>\n\t\t\t\t<div class=\"elementor-element elementor-element-21b58ff elementor-widget elementor-widget-heading\" data-id=\"21b58ff\" data-element_type=\"widget\" data-e-type=\"widget\" data-widget_type=\"heading.default\">\n\t\t\t\t<div class=\"elementor-widget-container\">\n\t\t\t\t\t<span class=\"elementor-heading-title elementor-size-default\"><a href=\"https:\/\/pecaths.eu\/\" target=\"_blank\" rel=\"noopener\">https:\/\/pecaths.eu\/<\/a><\/span>\t\t\t\t<\/div>\n\t\t\t\t<\/div>\n\t\t\t\t<\/div>\n\t\t\t\t<\/div>\n\t\t\t\t\t<\/div>\n\t\t\t\t<\/div>\n\t\t<div class=\"elementor-element elementor-element-e2384a4 animated-slow e-flex e-con-boxed elementor-invisible e-con e-parent\" data-id=\"e2384a4\" data-element_type=\"container\" data-e-type=\"container\" data-settings=\"{&quot;background_background&quot;:&quot;classic&quot;,&quot;animation&quot;:&quot;fadeIn&quot;,&quot;animation_mobile&quot;:&quot;none&quot;}\">\n\t\t\t\t\t<div class=\"e-con-inner\">\n\t\t\t\t<div class=\"elementor-element elementor-element-d30430d elementor-widget elementor-widget-image\" data-id=\"d30430d\" data-element_type=\"widget\" data-e-type=\"widget\" data-widget_type=\"image.default\">\n\t\t\t\t<div class=\"elementor-widget-container\">\n\t\t\t\t\t\t\t\t\t\t\t\t<figure class=\"wp-caption\">\n\t\t\t\t\t\t\t\t\t\t<img decoding=\"async\" width=\"800\" height=\"383\" src=\"https:\/\/comet.technology\/wp-content\/uploads\/2025\/03\/PECATHS_GRAFICO-HOME-1024x490.png\" class=\"attachment-large size-large wp-image-36843\" alt=\"\" srcset=\"https:\/\/comet.technology\/wp-content\/uploads\/2025\/03\/PECATHS_GRAFICO-HOME-1024x490.png 1024w, https:\/\/comet.technology\/wp-content\/uploads\/2025\/03\/PECATHS_GRAFICO-HOME-300x143.png 300w, https:\/\/comet.technology\/wp-content\/uploads\/2025\/03\/PECATHS_GRAFICO-HOME-768x367.png 768w, https:\/\/comet.technology\/wp-content\/uploads\/2025\/03\/PECATHS_GRAFICO-HOME-1536x734.png 1536w, https:\/\/comet.technology\/wp-content\/uploads\/2025\/03\/PECATHS_GRAFICO-HOME.png 2048w\" sizes=\"(max-width: 800px) 100vw, 800px\" \/>\t\t\t\t\t\t\t\t\t\t\t<figcaption class=\"widget-image-caption wp-caption-text\">Metodolog\u00eda PeCATHS<\/figcaption>\n\t\t\t\t\t\t\t\t\t\t<\/figure>\n\t\t\t\t\t\t\t\t\t<\/div>\n\t\t\t\t<\/div>\n\t\t\t\t\t<\/div>\n\t\t\t\t<\/div>\n\t\t\t\t<section class=\"elementor-section elementor-top-section elementor-element elementor-element-66e6917 elementor-section-boxed elementor-section-height-default elementor-section-height-default\" data-id=\"66e6917\" data-element_type=\"section\" data-e-type=\"section\" data-settings=\"{&quot;background_background&quot;:&quot;classic&quot;}\">\n\t\t\t\t\t\t\t<div class=\"elementor-background-overlay\"><\/div>\n\t\t\t\t\t\t\t<div class=\"elementor-container elementor-column-gap-default\">\n\t\t\t\t\t<div class=\"elementor-column elementor-col-50 elementor-top-column elementor-element elementor-element-ab9639f\" data-id=\"ab9639f\" data-element_type=\"column\" data-e-type=\"column\">\n\t\t\t<div class=\"elementor-widget-wrap elementor-element-populated\">\n\t\t\t\t\t\t<section class=\"elementor-section elementor-inner-section elementor-element elementor-element-10f6edb elementor-section-boxed elementor-section-height-default elementor-section-height-default\" data-id=\"10f6edb\" data-element_type=\"section\" data-e-type=\"section\">\n\t\t\t\t\t\t<div class=\"elementor-container elementor-column-gap-default\">\n\t\t\t\t\t<div class=\"elementor-column elementor-col-100 elementor-inner-column elementor-element elementor-element-99f6964\" data-id=\"99f6964\" data-element_type=\"column\" data-e-type=\"column\">\n\t\t\t<div class=\"elementor-widget-wrap elementor-element-populated\">\n\t\t\t\t\t\t<div class=\"elementor-element elementor-element-4437479 elementor-widget elementor-widget-heading\" data-id=\"4437479\" data-element_type=\"widget\" data-e-type=\"widget\" data-widget_type=\"heading.default\">\n\t\t\t\t<div class=\"elementor-widget-container\">\n\t\t\t\t\t<h2 class=\"elementor-heading-title elementor-size-default\"><b>CONTACTA<\/b> con nosotros<\/h2>\t\t\t\t<\/div>\n\t\t\t\t<\/div>\n\t\t\t\t\t<\/div>\n\t\t<\/div>\n\t\t\t\t\t<\/div>\n\t\t<\/section>\n\t\t\t\t<section class=\"elementor-section elementor-inner-section elementor-element elementor-element-59d67b0 elementor-section-content-middle elementor-section-boxed elementor-section-height-default elementor-section-height-default\" data-id=\"59d67b0\" data-element_type=\"section\" data-e-type=\"section\">\n\t\t\t\t\t\t<div class=\"elementor-container elementor-column-gap-default\">\n\t\t\t\t\t<div class=\"elementor-column elementor-col-100 elementor-inner-column elementor-element elementor-element-70c75cd\" data-id=\"70c75cd\" data-element_type=\"column\" data-e-type=\"column\" data-settings=\"{&quot;background_background&quot;:&quot;classic&quot;}\">\n\t\t\t<div class=\"elementor-widget-wrap elementor-element-populated\">\n\t\t\t\t\t\t<div class=\"elementor-element elementor-element-da9b63e elementor-align-center elementor-mobile-align-center elementor-icon-list--layout-traditional elementor-list-item-link-full_width elementor-widget elementor-widget-icon-list\" data-id=\"da9b63e\" data-element_type=\"widget\" data-e-type=\"widget\" data-widget_type=\"icon-list.default\">\n\t\t\t\t<div class=\"elementor-widget-container\">\n\t\t\t\t\t\t\t<ul class=\"elementor-icon-list-items\">\n\t\t\t\t\t\t\t<li class=\"elementor-icon-list-item\">\n\t\t\t\t\t\t\t\t\t\t\t<span class=\"elementor-icon-list-icon\">\n\t\t\t\t\t\t\t<i aria-hidden=\"true\" class=\"fas fa-envelope\"><\/i>\t\t\t\t\t\t<\/span>\n\t\t\t\t\t\t\t\t\t\t<span class=\"elementor-icon-list-text\">comet@comet.technology<\/span>\n\t\t\t\t\t\t\t\t\t<\/li>\n\t\t\t\t\t\t\t\t<li class=\"elementor-icon-list-item\">\n\t\t\t\t\t\t\t\t\t\t\t<span class=\"elementor-icon-list-icon\">\n\t\t\t\t\t\t\t<i aria-hidden=\"true\" class=\"fas fa-phone-alt\"><\/i>\t\t\t\t\t\t<\/span>\n\t\t\t\t\t\t\t\t\t\t<span class=\"elementor-icon-list-text\">(+34) 930 23 91 26<\/span>\n\t\t\t\t\t\t\t\t\t<\/li>\n\t\t\t\t\t\t<\/ul>\n\t\t\t\t\t\t<\/div>\n\t\t\t\t<\/div>\n\t\t\t\t\t<\/div>\n\t\t<\/div>\n\t\t\t\t\t<\/div>\n\t\t<\/section>\n\t\t\t\t\t<\/div>\n\t\t<\/div>\n\t\t\t\t<div class=\"elementor-column elementor-col-50 elementor-top-column elementor-element elementor-element-3821712\" data-id=\"3821712\" data-element_type=\"column\" data-e-type=\"column\">\n\t\t\t<div class=\"elementor-widget-wrap elementor-element-populated\">\n\t\t\t\t\t\t<div class=\"elementor-element elementor-element-f209222 elementor-button-align-center elementor-widget elementor-widget-global elementor-global-5987 elementor-widget-form\" data-id=\"f209222\" data-element_type=\"widget\" data-e-type=\"widget\" data-settings=\"{&quot;step_next_label&quot;:&quot;Siguiente&quot;,&quot;step_previous_label&quot;:&quot;Anterior&quot;,&quot;button_width&quot;:&quot;100&quot;,&quot;step_type&quot;:&quot;number_text&quot;,&quot;step_icon_shape&quot;:&quot;circle&quot;}\" data-widget_type=\"form.default\">\n\t\t\t\t<div class=\"elementor-widget-container\">\n\t\t\t\t\t\t\t<form class=\"elementor-form\" method=\"post\" name=\"Formulario contacto\" aria-label=\"Formulario contacto\">\n\t\t\t<input type=\"hidden\" name=\"post_id\" value=\"36802\"\/>\n\t\t\t<input type=\"hidden\" name=\"form_id\" value=\"f209222\"\/>\n\t\t\t<input type=\"hidden\" name=\"referer_title\" value=\"\" \/>\n\n\t\t\t\n\t\t\t<div class=\"elementor-form-fields-wrapper elementor-labels-\">\n\t\t\t\t\t\t\t\t<div class=\"elementor-field-type-text elementor-field-group elementor-column elementor-field-group-name elementor-col-100 elementor-field-required\">\n\t\t\t\t\t\t\t\t\t\t\t\t<label for=\"form-field-name\" class=\"elementor-field-label elementor-screen-only\">\n\t\t\t\t\t\t\t\tNombre\t\t\t\t\t\t\t<\/label>\n\t\t\t\t\t\t\t\t\t\t\t\t\t\t<input size=\"1\" type=\"text\" name=\"form_fields[name]\" id=\"form-field-name\" class=\"elementor-field elementor-size-sm  elementor-field-textual\" placeholder=\"Nombre*\" required=\"required\">\n\t\t\t\t\t\t\t\t\t\t\t<\/div>\n\t\t\t\t\t\t\t\t<div class=\"elementor-field-type-email elementor-field-group elementor-column elementor-field-group-correo elementor-col-100 elementor-field-required\">\n\t\t\t\t\t\t\t\t\t\t\t\t<label for=\"form-field-correo\" class=\"elementor-field-label elementor-screen-only\">\n\t\t\t\t\t\t\t\tCorreo electr\u00f3nico\t\t\t\t\t\t\t<\/label>\n\t\t\t\t\t\t\t\t\t\t\t\t\t\t<input size=\"1\" type=\"email\" name=\"form_fields[correo]\" id=\"form-field-correo\" class=\"elementor-field elementor-size-sm  elementor-field-textual\" placeholder=\"Correo electr\u00f3nico*\" required=\"required\">\n\t\t\t\t\t\t\t\t\t\t\t<\/div>\n\t\t\t\t\t\t\t\t<div class=\"elementor-field-type-textarea elementor-field-group elementor-column elementor-field-group-message elementor-col-100 elementor-field-required\">\n\t\t\t\t\t\t\t\t\t\t\t\t<label for=\"form-field-message\" class=\"elementor-field-label elementor-screen-only\">\n\t\t\t\t\t\t\t\tMensaje\t\t\t\t\t\t\t<\/label>\n\t\t\t\t\t\t<textarea class=\"elementor-field-textual elementor-field  elementor-size-sm\" name=\"form_fields[message]\" id=\"form-field-message\" rows=\"4\" placeholder=\"Mensaje*\" required=\"required\"><\/textarea>\t\t\t\t<\/div>\n\t\t\t\t\t\t\t\t<div class=\"elementor-field-type-acceptance elementor-field-group elementor-column elementor-field-group-legal elementor-col-100 elementor-field-required\">\n\t\t\t\t\t\t\t\t\t\t\t\t<label for=\"form-field-legal\" class=\"elementor-field-label elementor-screen-only\">\n\t\t\t\t\t\t\t\tLegal\t\t\t\t\t\t\t<\/label>\n\t\t\t\t\t\t\t\t<div class=\"elementor-field-subgroup\">\n\t\t\t<span class=\"elementor-field-option\">\n\t\t\t\t<input type=\"checkbox\" name=\"form_fields[legal]\" id=\"form-field-legal\" class=\"elementor-field elementor-size-sm  elementor-acceptance-field\" required=\"required\">\n\t\t\t\t<label for=\"form-field-legal\">Marcando esta casilla confirmas que has le\u00eddo y aceptas la pol\u00edtica de privacidad y aviso legal, por lo que consientes que COMET GLOBAL INNOVATION S.L, guarde tus datos seg\u00fan la legislaci\u00f3n vigente, autorizas a que te contactemos y est\u00e1s informado de que tienes derecho a acceder, rectificar, limitar y suprimir tus datos personales de nuestros registros.<\/label>\t\t\t<\/span>\n\t\t<\/div>\n\t\t\t\t\t\t<\/div>\n\t\t\t\t\t\t\t\t<div class=\"elementor-field-type-recaptcha elementor-field-group elementor-column elementor-field-group-field_5fb555b elementor-col-100\">\n\t\t\t\t\t<div class=\"elementor-field\" id=\"form-field-field_5fb555b\"><div class=\"elementor-g-recaptcha\" data-sitekey=\"6Leuol0aAAAAANCULIA7sRcgKkCqxyqYDxbc6S_1\" data-type=\"v2_checkbox\" data-theme=\"light\" data-size=\"normal\"><\/div><\/div>\t\t\t\t<\/div>\n\t\t\t\t\t\t\t\t<div class=\"elementor-field-type-text\">\n\t\t\t\t\t<input size=\"1\" type=\"text\" name=\"form_fields[email]\" id=\"form-field-email\" class=\"elementor-field elementor-size-sm \" style=\"display:none !important;\">\t\t\t\t<\/div>\n\t\t\t\t\t\t\t\t<div class=\"elementor-field-group elementor-column elementor-field-type-submit elementor-col-100 e-form__buttons\">\n\t\t\t\t\t<button class=\"elementor-button elementor-size-sm\" type=\"submit\">\n\t\t\t\t\t\t<span class=\"elementor-button-content-wrapper\">\n\t\t\t\t\t\t\t\t\t\t\t\t\t\t\t\t\t\t\t\t\t\t<span class=\"elementor-button-text\">Enviar<\/span>\n\t\t\t\t\t\t\t\t\t\t\t\t\t<\/span>\n\t\t\t\t\t<\/button>\n\t\t\t\t<\/div>\n\t\t\t<\/div>\n\t\t<\/form>\n\t\t\t\t\t\t<\/div>\n\t\t\t\t<\/div>\n\t\t\t\t\t<\/div>\n\t\t<\/div>\n\t\t\t\t\t<\/div>\n\t\t<\/section>\n\t\t\t\t<\/div>\n\t\t","protected":false},"excerpt":{"rendered":"<p>Este proyecto financiado por la UE, gracias a las principales ventajas que aporta la tecnolog\u00eda de los portadores org\u00e1nicos l\u00edquidos de hidr\u00f3geno (LOCH) como la capacidad de convertir el hidr\u00f3geno gaseoso en un portador energ\u00e9tico l\u00edquido estable, mejorar\u00e1 notablemente su almacenamiento, transporte y distribuci\u00f3n. Su principal objetivo ser\u00e1 desarrollar un sistema integrado de almacenamiento de energ\u00eda a largo plazo utilizando hidr\u00f3geno en LOHCs, combinado con una innovadora conversi\u00f3n de biomasa que permitir\u00e1 transferir directamente el hidr\u00f3geno sin necesidad de producir gas y productos qu\u00edmicos garantizando una mejora en la gesti\u00f3n eficiente y sostenible de los recursos.<\/p>\n","protected":false},"author":1,"featured_media":36823,"parent":943,"menu_order":0,"comment_status":"closed","ping_status":"closed","template":"","meta":{"_acf_changed":false,"footnotes":""},"class_list":["post-36802","page","type-page","status-publish","has-post-thumbnail","hentry"],"acf":[],"_links":{"self":[{"href":"https:\/\/comet.technology\/es\/wp-json\/wp\/v2\/pages\/36802","targetHints":{"allow":["GET"]}}],"collection":[{"href":"https:\/\/comet.technology\/es\/wp-json\/wp\/v2\/pages"}],"about":[{"href":"https:\/\/comet.technology\/es\/wp-json\/wp\/v2\/types\/page"}],"author":[{"embeddable":true,"href":"https:\/\/comet.technology\/es\/wp-json\/wp\/v2\/users\/1"}],"replies":[{"embeddable":true,"href":"https:\/\/comet.technology\/es\/wp-json\/wp\/v2\/comments?post=36802"}],"version-history":[{"count":39,"href":"https:\/\/comet.technology\/es\/wp-json\/wp\/v2\/pages\/36802\/revisions"}],"predecessor-version":[{"id":36991,"href":"https:\/\/comet.technology\/es\/wp-json\/wp\/v2\/pages\/36802\/revisions\/36991"}],"up":[{"embeddable":true,"href":"https:\/\/comet.technology\/es\/wp-json\/wp\/v2\/pages\/943"}],"wp:featuredmedia":[{"embeddable":true,"href":"https:\/\/comet.technology\/es\/wp-json\/wp\/v2\/media\/36823"}],"wp:attachment":[{"href":"https:\/\/comet.technology\/es\/wp-json\/wp\/v2\/media?parent=36802"}],"curies":[{"name":"wp","href":"https:\/\/api.w.org\/{rel}","templated":true}]}}