{"id":36971,"date":"2025-03-25T07:38:05","date_gmt":"2025-03-25T06:38:05","guid":{"rendered":"https:\/\/comet.technology\/?page_id=36971"},"modified":"2025-03-25T12:28:45","modified_gmt":"2025-03-25T11:28:45","slug":"united-circles","status":"publish","type":"page","link":"https:\/\/comet.technology\/es\/proyectos\/united-circles\/","title":{"rendered":"United Circles"},"content":{"rendered":"\t\t<div data-elementor-type=\"wp-page\" data-elementor-id=\"36971\" class=\"elementor elementor-36971\" data-elementor-post-type=\"page\">\n\t\t\t\t<div class=\"elementor-element elementor-element-9f97484 e-flex e-con-boxed e-con e-parent\" data-id=\"9f97484\" data-element_type=\"container\" data-e-type=\"container\" data-settings=\"{&quot;background_background&quot;:&quot;classic&quot;}\">\n\t\t\t\t\t<div class=\"e-con-inner\">\n\t\t<div class=\"elementor-element elementor-element-f8f1a38 e-con-full e-flex e-con e-child\" data-id=\"f8f1a38\" data-element_type=\"container\" data-e-type=\"container\">\n\t\t\t\t<div class=\"elementor-element elementor-element-20e5108 elementor-widget elementor-widget-heading\" data-id=\"20e5108\" data-element_type=\"widget\" data-e-type=\"widget\" data-widget_type=\"heading.default\">\n\t\t\t\t<div class=\"elementor-widget-container\">\n\t\t\t\t\t<h2 class=\"elementor-heading-title elementor-size-default\">United Circles<\/h2>\t\t\t\t<\/div>\n\t\t\t\t<\/div>\n\t\t\t\t<div class=\"elementor-element elementor-element-438ddf3 elementor-widget elementor-widget-heading\" data-id=\"438ddf3\" data-element_type=\"widget\" data-e-type=\"widget\" data-widget_type=\"heading.default\">\n\t\t\t\t<div class=\"elementor-widget-container\">\n\t\t\t\t\t<p class=\"elementor-heading-title elementor-size-default\">SISTEMAS URBANOS E INDUSTRIALES COLABORATIVOS PARA RECICLAR DESECHOS Y RESIDUOS Y CONVERTIRLOS EN PRODUCTOS DE VALOR AGREGADO<\/p>\t\t\t\t<\/div>\n\t\t\t\t<\/div>\n\t\t\t\t<div class=\"elementor-element elementor-element-7676ca2 elementor-widget elementor-widget-text-editor\" data-id=\"7676ca2\" data-element_type=\"widget\" data-e-type=\"widget\" data-widget_type=\"text-editor.default\">\n\t\t\t\t<div class=\"elementor-widget-container\">\n\t\t\t\t\t\t\t\t\t<p>Reducir el calentamiento global del planeta es una prioridad que debemos abordar con car\u00e1cter urgente y uno de los problemas acuciantes a los que se enfrenta la humanidad es c\u00f3mo gestionar los residuos que generamos. En respuesta a este reto, United Circles demostrar\u00e1, con 46 socios en 14 pa\u00edses y un organismo internacional, como ciudades e industrias pueden trabajar juntas para reciclar los desechos y convertirlos en productos de valor agregado, objetivos que ofrecen una perspectiva que permitir\u00e1 frenar el aumento de residuos y aumentar la mitigaci\u00f3n sustancial del cambio clim\u00e1tico.<\/p>\t\t\t\t\t\t\t\t<\/div>\n\t\t\t\t<\/div>\n\t\t\t\t<\/div>\n\t\t\t\t\t<\/div>\n\t\t\t\t<\/div>\n\t\t<div class=\"elementor-element elementor-element-e0aa98c animated-slow e-flex e-con-boxed elementor-invisible e-con e-parent\" data-id=\"e0aa98c\" data-element_type=\"container\" data-e-type=\"container\" data-settings=\"{&quot;animation&quot;:&quot;fadeIn&quot;,&quot;background_background&quot;:&quot;classic&quot;,&quot;animation_mobile&quot;:&quot;none&quot;}\">\n\t\t\t\t\t<div class=\"e-con-inner\">\n\t\t\t\t<div class=\"elementor-element elementor-element-ca14589 elementor-widget__width-initial elementor-widget elementor-widget-image\" data-id=\"ca14589\" data-element_type=\"widget\" data-e-type=\"widget\" data-widget_type=\"image.default\">\n\t\t\t\t<div class=\"elementor-widget-container\">\n\t\t\t\t\t\t\t\t\t\t\t\t\t\t\t<img decoding=\"async\" width=\"318\" height=\"95\" src=\"https:\/\/comet.technology\/wp-content\/uploads\/2025\/03\/uc-logo-color.svg\" class=\"attachment-full size-full wp-image-36978\" alt=\"\" \/>\t\t\t\t\t\t\t\t\t\t\t\t\t\t\t<\/div>\n\t\t\t\t<\/div>\n\t\t<div class=\"elementor-element elementor-element-7372eeb animated-slow e-con-full e-flex elementor-invisible e-con e-child\" data-id=\"7372eeb\" data-element_type=\"container\" data-e-type=\"container\" data-settings=\"{&quot;animation&quot;:&quot;fadeIn&quot;,&quot;animation_mobile&quot;:&quot;none&quot;}\">\n\t\t\t\t<div class=\"elementor-element elementor-element-ae57362 elementor-widget elementor-widget-heading\" data-id=\"ae57362\" data-element_type=\"widget\" data-e-type=\"widget\" data-widget_type=\"heading.default\">\n\t\t\t\t<div class=\"elementor-widget-container\">\n\t\t\t\t\t<h2 class=\"elementor-heading-title elementor-size-default\">Sobre United Circles<\/h2>\t\t\t\t<\/div>\n\t\t\t\t<\/div>\n\t\t<div class=\"elementor-element elementor-element-ace2fee e-con-full e-flex e-con e-child\" data-id=\"ace2fee\" data-element_type=\"container\" data-e-type=\"container\" data-settings=\"{&quot;background_background&quot;:&quot;classic&quot;}\">\n\t\t\t\t<div class=\"elementor-element elementor-element-826ced0 elementor-widget elementor-widget-heading\" data-id=\"826ced0\" data-element_type=\"widget\" data-e-type=\"widget\" data-widget_type=\"heading.default\">\n\t\t\t\t<div class=\"elementor-widget-container\">\n\t\t\t\t\t<h3 class=\"elementor-heading-title elementor-size-default\">Objetivos generales del proyecto<\/h3>\t\t\t\t<\/div>\n\t\t\t\t<\/div>\n\t\t\t\t<div class=\"elementor-element elementor-element-35af943 elementor-widget elementor-widget-text-editor\" data-id=\"35af943\" data-element_type=\"widget\" data-e-type=\"widget\" data-widget_type=\"text-editor.default\">\n\t\t\t\t<div class=\"elementor-widget-container\">\n\t\t\t\t\t\t\t\t\t<ul><li>Conectar los sistemas urbanos e industriales para convertir ciudades de \u201ccero residuos\u201d e industrias \u201cdescarbonizadas\u201d que fomenten el crecimiento sostenible y apuesten por comunidades colaborativas y resilientes, hacia un futuro sin residuos y con circuitos cerrados de recursos y energ\u00eda.<\/li><li>Demostrar tres cadenas de valor de simbiosis industrial-urbana para reciclar residuos de alimentos urbanos, s\u00f3lidos de aguas residuales urbanas y residuos urbanos de construcci\u00f3n y demolici\u00f3n.<\/li><\/ul>\t\t\t\t\t\t\t\t<\/div>\n\t\t\t\t<\/div>\n\t\t\t\t<div class=\"elementor-element elementor-element-ff6c129 elementor-widget elementor-widget-heading\" data-id=\"ff6c129\" data-element_type=\"widget\" data-e-type=\"widget\" data-widget_type=\"heading.default\">\n\t\t\t\t<div class=\"elementor-widget-container\">\n\t\t\t\t\t<h3 class=\"elementor-heading-title elementor-size-default\">Objetivos espec\u00edficos y aplicaciones tecnol\u00f3gicas<\/h3>\t\t\t\t<\/div>\n\t\t\t\t<\/div>\n\t\t\t\t<div class=\"elementor-element elementor-element-45637f1 elementor-widget elementor-widget-text-editor\" data-id=\"45637f1\" data-element_type=\"widget\" data-e-type=\"widget\" data-widget_type=\"text-editor.default\">\n\t\t\t\t<div class=\"elementor-widget-container\">\n\t\t\t\t\t\t\t\t\t<h4>Objetivos tecnol\u00f3gicos<\/h4><ul><li>Expandir las tecnolog\u00edas integradas de demostraci\u00f3n a niveles m\u00e1s altos de TRL que proporcionen nuevas industrias que incidan en la recolecci\u00f3n, clasificaci\u00f3n y reutilizaci\u00f3n para la producci\u00f3n de nuevos productos reciclados.<\/li><li>Cerrar los circuitos urbanos e industriales de agua para reducir el uso de agua dulce en regiones propensas a la sequ\u00eda e integrar la tecnolog\u00eda de cogeneraci\u00f3n de energ\u00eda en las v\u00edas de reciclaje.<\/li><li>Permitir ciudades de cero residuos y una industria de procesos descarbonizados gracias al avance de tecnolog\u00edas innovadoras en cadenas de valor integradas combinadas.<\/li><li>Sustentar la gobernanza y la evoluci\u00f3n de sus redes \u201cIndustrial-Urbanas\u201d utilizando marcos de gobernanza avanzados, viabilidad hacia metodolog\u00edas de financiaci\u00f3n, herramientas digitales, innovaciones sociales y ambientales, y un observatorio de materiales y productos.<\/li><li>Poner en marcha nuevos procesos sostenibles para el reciclaje de nuevos productos biopl\u00e1sticos totalmente biodegradables y de origen de residuos alimentarios para la sustituci\u00f3n completa de los combustibles f\u00f3siles.<\/li><\/ul><h4>Impactos<\/h4><ul><li>Aportar un modelo de econom\u00eda circular mediante nuevas medidas de prevenci\u00f3n y gesti\u00f3n de residuos sostenibles que genere mejoras socioecon\u00f3micas en las comunidades implicadas.<\/li><\/ul><ul><li>Generar crecimiento econ\u00f3mico gracias a las pr\u00e1cticas empresariales eficientes y a la reconversi\u00f3n de residuos para un futuro limpio y accesible.<\/li><\/ul><ul><li>Minimizar los efectos nocivos en la salud humana y el medio ambiente al eliminar vertidos y quemas al aire libre de productos qu\u00edmicos y desechos mediante la prevenci\u00f3n, la reducci\u00f3n, el reciclado y la reutilizaci\u00f3n de residuos altamente contaminantes.<\/li><\/ul><ul><li>Reforzar tecnolog\u00edas para alcanzar niveles m\u00e1s altos de productividad econ\u00f3mica y reducir el desperdicio de alimentos a lo largo de las cadenas de producci\u00f3n y suministro hacia un modelo de consumo y distribuci\u00f3n de la producci\u00f3n m\u00e1s sostenible.<\/li><\/ul><ul><li>Recuperar energ\u00edas y materiales mediante nuevas industrias alternativas y promover circuitos de tecnolog\u00edas innovadoras que integren cadenas de valor combinadas para permitir ciudades de cero residuos y una industria de procesos descarbonizada.<\/li><\/ul><ul><li>Prevenir y reducir la contaminaci\u00f3n del agua para garantizar una mayor eficiencia en el consumo y en la gesti\u00f3n de los recursos y, fomentar infraestructuras e industrias sostenibles, limpias y racionales.<\/li><\/ul><ul><li>Mitigar la emisi\u00f3n de gases de efecto invernadero y contribuir en la consecuci\u00f3n de los ODS gracias al reciclaje de residuos de alimentos urbanos, s\u00f3lidos de aguas residuales urbanas y residuos urbanos de construcci\u00f3n y demolici\u00f3n.<\/li><\/ul>\t\t\t\t\t\t\t\t<\/div>\n\t\t\t\t<\/div>\n\t\t\t\t<div class=\"elementor-element elementor-element-90bd674 elementor-widget elementor-widget-text-editor\" data-id=\"90bd674\" data-element_type=\"widget\" data-e-type=\"widget\" data-widget_type=\"text-editor.default\">\n\t\t\t\t<div class=\"elementor-widget-container\">\n\t\t\t\t\t\t\t\t\t<p><em>(1) Programa de las Naciones Unidas para el Medio Ambiente (2024). Resumen ejecutivo de \u00abPerspectiva mundial sobre la gesti\u00f3n de residuos 2024. El fin de la era de los residuos: transformaci\u00f3n de la basura en recursos\u00bb. Nairobi. <a href=\"https:\/\/wedocs.unep.org\/20.500.11822\/44992\" target=\"_blank\" rel=\"noopener\">https:\/\/wedocs.unep.org\/20.500.11822\/44992<\/a> URL: <a href=\"https:\/\/www.unep.org\/es\/resources\/perspectivamundial-de-la-gestion-de-residuos-2024\" target=\"_blank\" rel=\"noopener\">https:\/\/www.unep.org\/es\/resources\/perspectivamundial-de-la-gestion-de-residuos-2024<\/a><\/em><\/p>\t\t\t\t\t\t\t\t<\/div>\n\t\t\t\t<\/div>\n\t\t\t\t<div class=\"elementor-element elementor-element-4a7c15e elementor-widget elementor-widget-heading\" data-id=\"4a7c15e\" data-element_type=\"widget\" data-e-type=\"widget\" data-widget_type=\"heading.default\">\n\t\t\t\t<div class=\"elementor-widget-container\">\n\t\t\t\t\t<span class=\"elementor-heading-title elementor-size-default\"><a href=\"https:\/\/unitedcircles.eu\/\" target=\"_blank\" rel=\"noopener\">https:\/\/unitedcircles.eu\/<\/a><\/span>\t\t\t\t<\/div>\n\t\t\t\t<\/div>\n\t\t\t\t<\/div>\n\t\t\t\t<\/div>\n\t\t\t\t\t<\/div>\n\t\t\t\t<\/div>\n\t\t<div class=\"elementor-element elementor-element-c950bbf animated-slow e-flex e-con-boxed elementor-invisible e-con e-parent\" data-id=\"c950bbf\" data-element_type=\"container\" data-e-type=\"container\" data-settings=\"{&quot;background_background&quot;:&quot;classic&quot;,&quot;animation&quot;:&quot;fadeIn&quot;,&quot;animation_mobile&quot;:&quot;none&quot;}\">\n\t\t\t\t\t<div class=\"e-con-inner\">\n\t\t\t\t<div class=\"elementor-element elementor-element-74841df elementor-widget__width-initial elementor-position-top elementor-widget elementor-widget-image-box\" data-id=\"74841df\" data-element_type=\"widget\" data-e-type=\"widget\" data-widget_type=\"image-box.default\">\n\t\t\t\t<div class=\"elementor-widget-container\">\n\t\t\t\t\t<div class=\"elementor-image-box-wrapper\"><figure class=\"elementor-image-box-img\"><img fetchpriority=\"high\" decoding=\"async\" width=\"434\" height=\"433\" src=\"https:\/\/comet.technology\/wp-content\/uploads\/2025\/03\/uc_ico_1.png\" class=\"attachment-full size-full wp-image-37000\" alt=\"\" srcset=\"https:\/\/comet.technology\/wp-content\/uploads\/2025\/03\/uc_ico_1.png 434w, https:\/\/comet.technology\/wp-content\/uploads\/2025\/03\/uc_ico_1-300x300.png 300w, https:\/\/comet.technology\/wp-content\/uploads\/2025\/03\/uc_ico_1-150x150.png 150w\" sizes=\"(max-width: 434px) 100vw, 434px\" \/><\/figure><div class=\"elementor-image-box-content\"><p class=\"elementor-image-box-title\">Residuos de construcci\u00f3n y demolici\u00f3n urbanos<\/p><\/div><\/div>\t\t\t\t<\/div>\n\t\t\t\t<\/div>\n\t\t\t\t<div class=\"elementor-element elementor-element-aa54f60 elementor-widget__width-initial elementor-position-top elementor-widget elementor-widget-image-box\" data-id=\"aa54f60\" data-element_type=\"widget\" data-e-type=\"widget\" data-widget_type=\"image-box.default\">\n\t\t\t\t<div class=\"elementor-widget-container\">\n\t\t\t\t\t<div class=\"elementor-image-box-wrapper\"><figure class=\"elementor-image-box-img\"><img decoding=\"async\" width=\"434\" height=\"433\" src=\"https:\/\/comet.technology\/wp-content\/uploads\/2025\/03\/uc_ico_2.png\" class=\"attachment-full size-full wp-image-37003\" alt=\"\" srcset=\"https:\/\/comet.technology\/wp-content\/uploads\/2025\/03\/uc_ico_2.png 434w, https:\/\/comet.technology\/wp-content\/uploads\/2025\/03\/uc_ico_2-300x300.png 300w, https:\/\/comet.technology\/wp-content\/uploads\/2025\/03\/uc_ico_2-150x150.png 150w\" sizes=\"(max-width: 434px) 100vw, 434px\" \/><\/figure><div class=\"elementor-image-box-content\"><p class=\"elementor-image-box-title\">Aguas residuales urbanas<\/p><\/div><\/div>\t\t\t\t<\/div>\n\t\t\t\t<\/div>\n\t\t\t\t<div class=\"elementor-element elementor-element-249b41f elementor-widget__width-initial elementor-position-top elementor-widget elementor-widget-image-box\" data-id=\"249b41f\" data-element_type=\"widget\" data-e-type=\"widget\" data-widget_type=\"image-box.default\">\n\t\t\t\t<div class=\"elementor-widget-container\">\n\t\t\t\t\t<div class=\"elementor-image-box-wrapper\"><figure class=\"elementor-image-box-img\"><img loading=\"lazy\" decoding=\"async\" width=\"434\" height=\"433\" src=\"https:\/\/comet.technology\/wp-content\/uploads\/2025\/03\/uc_ico_3.png\" class=\"attachment-full size-full wp-image-37006\" alt=\"\" srcset=\"https:\/\/comet.technology\/wp-content\/uploads\/2025\/03\/uc_ico_3.png 434w, https:\/\/comet.technology\/wp-content\/uploads\/2025\/03\/uc_ico_3-300x300.png 300w, https:\/\/comet.technology\/wp-content\/uploads\/2025\/03\/uc_ico_3-150x150.png 150w\" sizes=\"(max-width: 434px) 100vw, 434px\" \/><\/figure><div class=\"elementor-image-box-content\"><p class=\"elementor-image-box-title\">Desperdicio de alimentos urbanos<\/p><\/div><\/div>\t\t\t\t<\/div>\n\t\t\t\t<\/div>\n\t\t\t\t\t<\/div>\n\t\t\t\t<\/div>\n\t\t\t\t<section class=\"elementor-section elementor-top-section elementor-element elementor-element-aaded3b elementor-section-boxed elementor-section-height-default elementor-section-height-default\" data-id=\"aaded3b\" data-element_type=\"section\" data-e-type=\"section\" data-settings=\"{&quot;background_background&quot;:&quot;classic&quot;}\">\n\t\t\t\t\t\t\t<div class=\"elementor-background-overlay\"><\/div>\n\t\t\t\t\t\t\t<div class=\"elementor-container elementor-column-gap-default\">\n\t\t\t\t\t<div class=\"elementor-column elementor-col-50 elementor-top-column elementor-element elementor-element-8e8fb2d\" data-id=\"8e8fb2d\" data-element_type=\"column\" data-e-type=\"column\">\n\t\t\t<div class=\"elementor-widget-wrap elementor-element-populated\">\n\t\t\t\t\t\t<section class=\"elementor-section elementor-inner-section elementor-element elementor-element-36d2b22 elementor-section-boxed elementor-section-height-default elementor-section-height-default\" data-id=\"36d2b22\" data-element_type=\"section\" data-e-type=\"section\">\n\t\t\t\t\t\t<div class=\"elementor-container elementor-column-gap-default\">\n\t\t\t\t\t<div class=\"elementor-column elementor-col-100 elementor-inner-column elementor-element elementor-element-2b82332\" data-id=\"2b82332\" data-element_type=\"column\" data-e-type=\"column\">\n\t\t\t<div class=\"elementor-widget-wrap elementor-element-populated\">\n\t\t\t\t\t\t<div class=\"elementor-element elementor-element-a09fcf7 elementor-widget elementor-widget-heading\" data-id=\"a09fcf7\" data-element_type=\"widget\" data-e-type=\"widget\" data-widget_type=\"heading.default\">\n\t\t\t\t<div class=\"elementor-widget-container\">\n\t\t\t\t\t<h2 class=\"elementor-heading-title elementor-size-default\"><b>CONTACTA<\/b> con nosotros<\/h2>\t\t\t\t<\/div>\n\t\t\t\t<\/div>\n\t\t\t\t\t<\/div>\n\t\t<\/div>\n\t\t\t\t\t<\/div>\n\t\t<\/section>\n\t\t\t\t<section class=\"elementor-section elementor-inner-section elementor-element elementor-element-4f08518 elementor-section-content-middle elementor-section-boxed elementor-section-height-default elementor-section-height-default\" data-id=\"4f08518\" data-element_type=\"section\" data-e-type=\"section\">\n\t\t\t\t\t\t<div class=\"elementor-container elementor-column-gap-default\">\n\t\t\t\t\t<div class=\"elementor-column elementor-col-100 elementor-inner-column elementor-element elementor-element-4616815\" data-id=\"4616815\" data-element_type=\"column\" data-e-type=\"column\" data-settings=\"{&quot;background_background&quot;:&quot;classic&quot;}\">\n\t\t\t<div class=\"elementor-widget-wrap elementor-element-populated\">\n\t\t\t\t\t\t<div class=\"elementor-element elementor-element-8325151 elementor-align-center elementor-mobile-align-center elementor-icon-list--layout-traditional elementor-list-item-link-full_width elementor-widget elementor-widget-icon-list\" data-id=\"8325151\" data-element_type=\"widget\" data-e-type=\"widget\" data-widget_type=\"icon-list.default\">\n\t\t\t\t<div class=\"elementor-widget-container\">\n\t\t\t\t\t\t\t<ul class=\"elementor-icon-list-items\">\n\t\t\t\t\t\t\t<li class=\"elementor-icon-list-item\">\n\t\t\t\t\t\t\t\t\t\t\t<span class=\"elementor-icon-list-icon\">\n\t\t\t\t\t\t\t<i aria-hidden=\"true\" class=\"fas fa-envelope\"><\/i>\t\t\t\t\t\t<\/span>\n\t\t\t\t\t\t\t\t\t\t<span class=\"elementor-icon-list-text\">comet@comet.technology<\/span>\n\t\t\t\t\t\t\t\t\t<\/li>\n\t\t\t\t\t\t\t\t<li class=\"elementor-icon-list-item\">\n\t\t\t\t\t\t\t\t\t\t\t<span class=\"elementor-icon-list-icon\">\n\t\t\t\t\t\t\t<i aria-hidden=\"true\" class=\"fas fa-phone-alt\"><\/i>\t\t\t\t\t\t<\/span>\n\t\t\t\t\t\t\t\t\t\t<span class=\"elementor-icon-list-text\">(+34) 930 23 91 26<\/span>\n\t\t\t\t\t\t\t\t\t<\/li>\n\t\t\t\t\t\t<\/ul>\n\t\t\t\t\t\t<\/div>\n\t\t\t\t<\/div>\n\t\t\t\t\t<\/div>\n\t\t<\/div>\n\t\t\t\t\t<\/div>\n\t\t<\/section>\n\t\t\t\t\t<\/div>\n\t\t<\/div>\n\t\t\t\t<div class=\"elementor-column elementor-col-50 elementor-top-column elementor-element elementor-element-b72202e\" data-id=\"b72202e\" data-element_type=\"column\" data-e-type=\"column\">\n\t\t\t<div class=\"elementor-widget-wrap elementor-element-populated\">\n\t\t\t\t\t\t<div class=\"elementor-element elementor-element-93e24f4 elementor-button-align-center elementor-widget elementor-widget-global elementor-global-5987 elementor-widget-form\" data-id=\"93e24f4\" data-element_type=\"widget\" data-e-type=\"widget\" data-settings=\"{&quot;step_next_label&quot;:&quot;Siguiente&quot;,&quot;step_previous_label&quot;:&quot;Anterior&quot;,&quot;button_width&quot;:&quot;100&quot;,&quot;step_type&quot;:&quot;number_text&quot;,&quot;step_icon_shape&quot;:&quot;circle&quot;}\" data-widget_type=\"form.default\">\n\t\t\t\t<div class=\"elementor-widget-container\">\n\t\t\t\t\t\t\t<form class=\"elementor-form\" method=\"post\" name=\"Formulario contacto\" aria-label=\"Formulario contacto\">\n\t\t\t<input type=\"hidden\" name=\"post_id\" value=\"36971\"\/>\n\t\t\t<input type=\"hidden\" name=\"form_id\" value=\"93e24f4\"\/>\n\t\t\t<input type=\"hidden\" name=\"referer_title\" value=\"\" \/>\n\n\t\t\t\n\t\t\t<div class=\"elementor-form-fields-wrapper elementor-labels-\">\n\t\t\t\t\t\t\t\t<div class=\"elementor-field-type-text elementor-field-group elementor-column elementor-field-group-name elementor-col-100 elementor-field-required\">\n\t\t\t\t\t\t\t\t\t\t\t\t<label for=\"form-field-name\" class=\"elementor-field-label elementor-screen-only\">\n\t\t\t\t\t\t\t\tNombre\t\t\t\t\t\t\t<\/label>\n\t\t\t\t\t\t\t\t\t\t\t\t\t\t<input size=\"1\" type=\"text\" name=\"form_fields[name]\" id=\"form-field-name\" class=\"elementor-field elementor-size-sm  elementor-field-textual\" placeholder=\"Nombre*\" required=\"required\">\n\t\t\t\t\t\t\t\t\t\t\t<\/div>\n\t\t\t\t\t\t\t\t<div class=\"elementor-field-type-email elementor-field-group elementor-column elementor-field-group-correo elementor-col-100 elementor-field-required\">\n\t\t\t\t\t\t\t\t\t\t\t\t<label for=\"form-field-correo\" class=\"elementor-field-label elementor-screen-only\">\n\t\t\t\t\t\t\t\tCorreo electr\u00f3nico\t\t\t\t\t\t\t<\/label>\n\t\t\t\t\t\t\t\t\t\t\t\t\t\t<input size=\"1\" type=\"email\" name=\"form_fields[correo]\" id=\"form-field-correo\" class=\"elementor-field elementor-size-sm  elementor-field-textual\" placeholder=\"Correo electr\u00f3nico*\" required=\"required\">\n\t\t\t\t\t\t\t\t\t\t\t<\/div>\n\t\t\t\t\t\t\t\t<div class=\"elementor-field-type-textarea elementor-field-group elementor-column elementor-field-group-message elementor-col-100 elementor-field-required\">\n\t\t\t\t\t\t\t\t\t\t\t\t<label for=\"form-field-message\" class=\"elementor-field-label elementor-screen-only\">\n\t\t\t\t\t\t\t\tMensaje\t\t\t\t\t\t\t<\/label>\n\t\t\t\t\t\t<textarea class=\"elementor-field-textual elementor-field  elementor-size-sm\" name=\"form_fields[message]\" id=\"form-field-message\" rows=\"4\" placeholder=\"Mensaje*\" required=\"required\"><\/textarea>\t\t\t\t<\/div>\n\t\t\t\t\t\t\t\t<div class=\"elementor-field-type-acceptance elementor-field-group elementor-column elementor-field-group-legal elementor-col-100 elementor-field-required\">\n\t\t\t\t\t\t\t\t\t\t\t\t<label for=\"form-field-legal\" class=\"elementor-field-label elementor-screen-only\">\n\t\t\t\t\t\t\t\tLegal\t\t\t\t\t\t\t<\/label>\n\t\t\t\t\t\t\t\t<div class=\"elementor-field-subgroup\">\n\t\t\t<span class=\"elementor-field-option\">\n\t\t\t\t<input type=\"checkbox\" name=\"form_fields[legal]\" id=\"form-field-legal\" class=\"elementor-field elementor-size-sm  elementor-acceptance-field\" required=\"required\">\n\t\t\t\t<label for=\"form-field-legal\">Marcando esta casilla confirmas que has le\u00eddo y aceptas la pol\u00edtica de privacidad y aviso legal, por lo que consientes que COMET GLOBAL INNOVATION S.L, guarde tus datos seg\u00fan la legislaci\u00f3n vigente, autorizas a que te contactemos y est\u00e1s informado de que tienes derecho a acceder, rectificar, limitar y suprimir tus datos personales de nuestros registros.<\/label>\t\t\t<\/span>\n\t\t<\/div>\n\t\t\t\t\t\t<\/div>\n\t\t\t\t\t\t\t\t<div class=\"elementor-field-type-recaptcha elementor-field-group elementor-column elementor-field-group-field_5fb555b elementor-col-100\">\n\t\t\t\t\t<div class=\"elementor-field\" id=\"form-field-field_5fb555b\"><div class=\"elementor-g-recaptcha\" data-sitekey=\"6Leuol0aAAAAANCULIA7sRcgKkCqxyqYDxbc6S_1\" data-type=\"v2_checkbox\" data-theme=\"light\" data-size=\"normal\"><\/div><\/div>\t\t\t\t<\/div>\n\t\t\t\t\t\t\t\t<div class=\"elementor-field-type-text\">\n\t\t\t\t\t<input size=\"1\" type=\"text\" name=\"form_fields[email]\" id=\"form-field-email\" class=\"elementor-field elementor-size-sm \" style=\"display:none !important;\">\t\t\t\t<\/div>\n\t\t\t\t\t\t\t\t<div class=\"elementor-field-group elementor-column elementor-field-type-submit elementor-col-100 e-form__buttons\">\n\t\t\t\t\t<button class=\"elementor-button elementor-size-sm\" type=\"submit\">\n\t\t\t\t\t\t<span class=\"elementor-button-content-wrapper\">\n\t\t\t\t\t\t\t\t\t\t\t\t\t\t\t\t\t\t\t\t\t\t<span class=\"elementor-button-text\">Enviar<\/span>\n\t\t\t\t\t\t\t\t\t\t\t\t\t<\/span>\n\t\t\t\t\t<\/button>\n\t\t\t\t<\/div>\n\t\t\t<\/div>\n\t\t<\/form>\n\t\t\t\t\t\t<\/div>\n\t\t\t\t<\/div>\n\t\t\t\t\t<\/div>\n\t\t<\/div>\n\t\t\t\t\t<\/div>\n\t\t<\/section>\n\t\t\t\t<\/div>\n\t\t","protected":false},"excerpt":{"rendered":"<p>Reducir el calentamiento global del planeta es una prioridad que debemos abordar con car\u00e1cter urgente y uno de los problemas acuciantes a los que se enfrenta la humanidad es c\u00f3mo gestionar los residuos que generamos. En respuesta a este reto, United Circles demostrar\u00e1, con 46 socios en 14 pa\u00edses y un organismo internacional, como ciudades e industrias pueden trabajar juntas para reciclar los desechos y convertirlos en productos de valor agregado, objetivos que ofrecen una perspectiva que permitir\u00e1 frenar el aumento de residuos y aumentar la mitigaci\u00f3n sustancial del cambio clim\u00e1tico.<\/p>\n","protected":false},"author":1,"featured_media":36978,"parent":943,"menu_order":0,"comment_status":"closed","ping_status":"closed","template":"","meta":{"_acf_changed":false,"footnotes":""},"class_list":["post-36971","page","type-page","status-publish","has-post-thumbnail","hentry"],"acf":[],"_links":{"self":[{"href":"https:\/\/comet.technology\/es\/wp-json\/wp\/v2\/pages\/36971","targetHints":{"allow":["GET"]}}],"collection":[{"href":"https:\/\/comet.technology\/es\/wp-json\/wp\/v2\/pages"}],"about":[{"href":"https:\/\/comet.technology\/es\/wp-json\/wp\/v2\/types\/page"}],"author":[{"embeddable":true,"href":"https:\/\/comet.technology\/es\/wp-json\/wp\/v2\/users\/1"}],"replies":[{"embeddable":true,"href":"https:\/\/comet.technology\/es\/wp-json\/wp\/v2\/comments?post=36971"}],"version-history":[{"count":23,"href":"https:\/\/comet.technology\/es\/wp-json\/wp\/v2\/pages\/36971\/revisions"}],"predecessor-version":[{"id":37053,"href":"https:\/\/comet.technology\/es\/wp-json\/wp\/v2\/pages\/36971\/revisions\/37053"}],"up":[{"embeddable":true,"href":"https:\/\/comet.technology\/es\/wp-json\/wp\/v2\/pages\/943"}],"wp:featuredmedia":[{"embeddable":true,"href":"https:\/\/comet.technology\/es\/wp-json\/wp\/v2\/media\/36978"}],"wp:attachment":[{"href":"https:\/\/comet.technology\/es\/wp-json\/wp\/v2\/media?parent=36971"}],"curies":[{"name":"wp","href":"https:\/\/api.w.org\/{rel}","templated":true}]}}