{"id":37051,"date":"2025-03-27T11:42:24","date_gmt":"2025-03-27T10:42:24","guid":{"rendered":"https:\/\/comet.technology\/?page_id=37051"},"modified":"2025-03-27T15:41:01","modified_gmt":"2025-03-27T14:41:01","slug":"heritalise","status":"publish","type":"page","link":"https:\/\/comet.technology\/es\/proyectos\/heritalise\/","title":{"rendered":"Heritalise"},"content":{"rendered":"\t\t<div data-elementor-type=\"wp-page\" data-elementor-id=\"37051\" class=\"elementor elementor-37051\" data-elementor-post-type=\"page\">\n\t\t\t\t<div class=\"elementor-element elementor-element-aa97e82 e-flex e-con-boxed e-con e-parent\" data-id=\"aa97e82\" data-element_type=\"container\" data-e-type=\"container\" data-settings=\"{&quot;background_background&quot;:&quot;classic&quot;}\">\n\t\t\t\t\t<div class=\"e-con-inner\">\n\t\t<div class=\"elementor-element elementor-element-af78924 e-con-full e-flex e-con e-child\" data-id=\"af78924\" data-element_type=\"container\" data-e-type=\"container\">\n\t\t\t\t<div class=\"elementor-element elementor-element-5f5124b elementor-widget elementor-widget-heading\" data-id=\"5f5124b\" data-element_type=\"widget\" data-e-type=\"widget\" data-widget_type=\"heading.default\">\n\t\t\t\t<div class=\"elementor-widget-container\">\n\t\t\t\t\t<h2 class=\"elementor-heading-title elementor-size-default\">Heritalise<\/h2>\t\t\t\t<\/div>\n\t\t\t\t<\/div>\n\t\t\t\t<div class=\"elementor-element elementor-element-f52b320 elementor-widget elementor-widget-heading\" data-id=\"f52b320\" data-element_type=\"widget\" data-e-type=\"widget\" data-widget_type=\"heading.default\">\n\t\t\t\t<div class=\"elementor-widget-container\">\n\t\t\t\t\t<p class=\"elementor-heading-title elementor-size-default\">INVESTIGACI\u00d3N Y DESARROLLO DE SOLUCIONES AVANZADAS DE DIGITALIZACI\u00d3N PARA DOCUMENTAR Y REPRESENTAR DIVERSOS ACTIVOS DEL PATRIMONIO CULTURAL EUROPEO<\/p>\t\t\t\t<\/div>\n\t\t\t\t<\/div>\n\t\t\t\t<div class=\"elementor-element elementor-element-c8b1eac elementor-widget elementor-widget-text-editor\" data-id=\"c8b1eac\" data-element_type=\"widget\" data-e-type=\"widget\" data-widget_type=\"text-editor.default\">\n\t\t\t\t<div class=\"elementor-widget-container\">\n\t\t\t\t\t\t\t\t\t<p>Esta iniciativa, en la que participan 17 socios interdisciplinarios de 17 pa\u00edses representativos de Europa, desarrollar\u00e1 t\u00e9cnicas y herramientas avanzadas para diversos activos del patrimonio cultural, visibles y no visibles, que servir\u00e1n para conectar a las instituciones y profesionales del sector cultural gracias a tecnolog\u00edas de vanguardia que proporcionar\u00e1n mejoras sustanciales en la organizaci\u00f3n, gesti\u00f3n, preservaci\u00f3n, visibilidad, interconectividad, acceso y valorizaci\u00f3n del Patrimonio Cultural.<\/p>\t\t\t\t\t\t\t\t<\/div>\n\t\t\t\t<\/div>\n\t\t\t\t<\/div>\n\t\t\t\t\t<\/div>\n\t\t\t\t<\/div>\n\t\t<div class=\"elementor-element elementor-element-aa3f066 animated-slow e-flex e-con-boxed elementor-invisible e-con e-parent\" data-id=\"aa3f066\" data-element_type=\"container\" data-e-type=\"container\" data-settings=\"{&quot;animation&quot;:&quot;fadeIn&quot;,&quot;background_background&quot;:&quot;classic&quot;,&quot;animation_mobile&quot;:&quot;none&quot;}\">\n\t\t\t\t\t<div class=\"e-con-inner\">\n\t\t\t\t<div class=\"elementor-element elementor-element-eed3522 elementor-widget__width-initial elementor-widget elementor-widget-image\" data-id=\"eed3522\" data-element_type=\"widget\" data-e-type=\"widget\" data-widget_type=\"image.default\">\n\t\t\t\t<div class=\"elementor-widget-container\">\n\t\t\t\t\t\t\t\t\t\t\t\t\t\t\t<img fetchpriority=\"high\" decoding=\"async\" width=\"772\" height=\"1545\" src=\"https:\/\/comet.technology\/wp-content\/uploads\/2025\/03\/HERITALISE_LOGO-VERTICAL-1.png\" class=\"attachment-full size-full wp-image-37054\" alt=\"\" srcset=\"https:\/\/comet.technology\/wp-content\/uploads\/2025\/03\/HERITALISE_LOGO-VERTICAL-1.png 772w, https:\/\/comet.technology\/wp-content\/uploads\/2025\/03\/HERITALISE_LOGO-VERTICAL-1-150x300.png 150w, https:\/\/comet.technology\/wp-content\/uploads\/2025\/03\/HERITALISE_LOGO-VERTICAL-1-512x1024.png 512w, https:\/\/comet.technology\/wp-content\/uploads\/2025\/03\/HERITALISE_LOGO-VERTICAL-1-768x1536.png 768w\" sizes=\"(max-width: 772px) 100vw, 772px\" \/>\t\t\t\t\t\t\t\t\t\t\t\t\t\t\t<\/div>\n\t\t\t\t<\/div>\n\t\t<div class=\"elementor-element elementor-element-8420d58 animated-slow e-con-full e-flex elementor-invisible e-con e-child\" data-id=\"8420d58\" data-element_type=\"container\" data-e-type=\"container\" data-settings=\"{&quot;animation&quot;:&quot;fadeIn&quot;,&quot;animation_mobile&quot;:&quot;none&quot;}\">\n\t\t\t\t<div class=\"elementor-element elementor-element-49a1bc4 elementor-widget elementor-widget-heading\" data-id=\"49a1bc4\" data-element_type=\"widget\" data-e-type=\"widget\" data-widget_type=\"heading.default\">\n\t\t\t\t<div class=\"elementor-widget-container\">\n\t\t\t\t\t<h2 class=\"elementor-heading-title elementor-size-default\">Sobre Heritalise<\/h2>\t\t\t\t<\/div>\n\t\t\t\t<\/div>\n\t\t<div class=\"elementor-element elementor-element-a35d90d e-con-full e-flex e-con e-child\" data-id=\"a35d90d\" data-element_type=\"container\" data-e-type=\"container\" data-settings=\"{&quot;background_background&quot;:&quot;classic&quot;}\">\n\t\t\t\t<div class=\"elementor-element elementor-element-0354c9d elementor-widget elementor-widget-heading\" data-id=\"0354c9d\" data-element_type=\"widget\" data-e-type=\"widget\" data-widget_type=\"heading.default\">\n\t\t\t\t<div class=\"elementor-widget-container\">\n\t\t\t\t\t<h3 class=\"elementor-heading-title elementor-size-default\">Objetivos generales del proyecto<\/h3>\t\t\t\t<\/div>\n\t\t\t\t<\/div>\n\t\t\t\t<div class=\"elementor-element elementor-element-043bdd4 elementor-widget elementor-widget-text-editor\" data-id=\"043bdd4\" data-element_type=\"widget\" data-e-type=\"widget\" data-widget_type=\"text-editor.default\">\n\t\t\t\t<div class=\"elementor-widget-container\">\n\t\t\t\t\t\t\t\t\t<p>Crear herramientas digitales que puedan satisfacer las necesidades actuales del sector cultural para contribuir a un futuro digital m\u00e1s accesible, eficiente e inclusivo, atendiendo a metodolog\u00edas tecnol\u00f3gicas avanzadas IA, HW\/SW y, desarrollos integrados de uso compartido.<\/p>\t\t\t\t\t\t\t\t<\/div>\n\t\t\t\t<\/div>\n\t\t\t\t<div class=\"elementor-element elementor-element-dd3963b elementor-widget elementor-widget-heading\" data-id=\"dd3963b\" data-element_type=\"widget\" data-e-type=\"widget\" data-widget_type=\"heading.default\">\n\t\t\t\t<div class=\"elementor-widget-container\">\n\t\t\t\t\t<h3 class=\"elementor-heading-title elementor-size-default\">Objetivos espec\u00edficos y aplicaciones tecnol\u00f3gicas<\/h3>\t\t\t\t<\/div>\n\t\t\t\t<\/div>\n\t\t\t\t<div class=\"elementor-element elementor-element-f7180c5 elementor-widget elementor-widget-text-editor\" data-id=\"f7180c5\" data-element_type=\"widget\" data-e-type=\"widget\" data-widget_type=\"text-editor.default\">\n\t\t\t\t<div class=\"elementor-widget-container\">\n\t\t\t\t\t\t\t\t\t<h4>Objetivos tecnol\u00f3gicos<\/h4><ul><li>Evaluar y definir los est\u00e1ndares actuales de digitalizaci\u00f3n, las metodolog\u00edas y los requisitos de datos para objetos CH tangibles e intangibles.<\/li><li>Mejorar las tecnolog\u00edas 2D\/3D con capacidades mejoradas de calibraci\u00f3n, metrolog\u00eda y multimodal para una digitalizaci\u00f3n escalable y de alta calidad.<\/li><li>Desarrollar flujos de trabajo, fusi\u00f3n de datos y algoritmos impulsados por IA para optimizar el posprocesamiento, integrando datos tangibles e intangibles para obtener informaci\u00f3n sobre la conservaci\u00f3n.<\/li><li>Crear herramientas para mejorar la participaci\u00f3n de CH, la accesibilidad y el seguimiento en tiempo real de los activos digitalizados.<\/li><li>Desarrollar componentes abiertos para una integraci\u00f3n de datos fluida en las bases de datos CH aprovechando las API, los est\u00e1ndares sem\u00e1nticos y los metadatos.<\/li><li>Abordar los desaf\u00edos de transferencia de tecnolog\u00eda, estandarizar las plataformas web y mostrar las aplicaciones de digitalizaci\u00f3n a trav\u00e9s de 4 casos de uso de prueba de concepto.<\/li><\/ul><h4>Impactos<\/h4><ul><li>Mejorar de la velocidad de intervenci\u00f3n y optimizaci\u00f3n del mantenimiento para la preservaci\u00f3n del patrimonio cultural y la eficacia de la preservaci\u00f3n logrando una velocidad de intervenci\u00f3n un 40% m\u00e1s r\u00e1pida y un mantenimiento optimizado\u00a0y minimizando los riesgos de da\u00f1os irreversibles al permitir la detecci\u00f3n precisa de problemas ocultos, una precisi\u00f3n geom\u00e9trica mejorada y un an\u00e1lisis avanzado a trav\u00e9s de HBIM y fusi\u00f3n de datos.<\/li><li>Conseguir que 2.000 profesionales del patrimonio colaboren de nuevas maneras, beneficien a 100 partes interesadas y lleguen hasta 10 millones de usuarios, mejorando el compromiso de los museos con las colecciones y el p\u00fablico, al tiempo que alinear\u00e1 el trabajo patrimonial con los Objetivos de Desarrollo Sostenible para apoyar la educaci\u00f3n, la econom\u00eda y la sociedad.<\/li><li>Proporcionar un\u00a070% m\u00e1s de acceso democr\u00e1tico\u00a0a un ecosistema de software y datos distribuidos y basados en FAIR generando un ahorro de costos del 50%\u00a0en mantenimiento y monitoreo y mejorando significativamente la eficiencia y efectividad de la planificaci\u00f3n de la preservaci\u00f3n.<\/li><li>Involucrar al p\u00fablico m\u00e1s profundamente, fomentando el aprendizaje y las conexiones comunitarias,\u00a0al tiempo que facilita redes de colaboraci\u00f3n\u00a0en toda Europa y m\u00e1s all\u00e1.<\/li><li>Mejorar la precisi\u00f3n de la digitalizaci\u00f3n, permitiendo que los gemelos digitales representen de forma aut\u00e9ntica objetos patrimoniales y apoyar a las organizaciones patrimoniales, impulsar el turismo y la educaci\u00f3n, y fortalecer la identidad europea.<\/li><li>Mejorar, gracias a la digitalizaci\u00f3n, el acceso de los museos de toda Europa, haciendo que los recursos sean reconocibles y enriquecidos contextualmente.<\/li><li>Apoyar los objetivos del Pacto Verde de la UE contribuyendo a los esfuerzos de seguimiento, adaptaci\u00f3n, mitigaci\u00f3n y comunicaci\u00f3n para hacer frente a la emergencia clim\u00e1tica.<\/li><\/ul><ul><li>Dar soporte a los objetivos de la Bauhaus Europea mejorando el\u00a0acceso al patrimonio digital a trav\u00e9s de la ECCCH, mejorar la digitalizaci\u00f3n y proporcionar metadatos detallados para que el patrimonio digital inspire la creatividad y contribuya al movimiento de la Nueva Bauhaus Europea.<\/li><\/ul>\t\t\t\t\t\t\t\t<\/div>\n\t\t\t\t<\/div>\n\t\t\t\t<div class=\"elementor-element elementor-element-903e4f1 elementor-widget elementor-widget-heading\" data-id=\"903e4f1\" data-element_type=\"widget\" data-e-type=\"widget\" data-widget_type=\"heading.default\">\n\t\t\t\t<div class=\"elementor-widget-container\">\n\t\t\t\t\t<span class=\"elementor-heading-title elementor-size-default\"><a href=\"https:\/\/heritalise-eccch.eu\/\" target=\"_blank\" rel=\"noopener\">https:\/\/heritalise-eccch.eu\/<\/a><\/span>\t\t\t\t<\/div>\n\t\t\t\t<\/div>\n\t\t\t\t<\/div>\n\t\t\t\t<\/div>\n\t\t\t\t\t<\/div>\n\t\t\t\t<\/div>\n\t\t<div class=\"elementor-element elementor-element-89d4789 animated-slow e-flex e-con-boxed elementor-invisible e-con e-parent\" data-id=\"89d4789\" data-element_type=\"container\" data-e-type=\"container\" data-settings=\"{&quot;background_background&quot;:&quot;classic&quot;,&quot;animation&quot;:&quot;fadeIn&quot;,&quot;animation_mobile&quot;:&quot;none&quot;}\">\n\t\t\t\t\t<div class=\"e-con-inner\">\n\t\t\t\t<div class=\"elementor-element elementor-element-51fea31 elementor-widget-tablet__width-initial elementor-position-top elementor-widget elementor-widget-image-box\" data-id=\"51fea31\" data-element_type=\"widget\" data-e-type=\"widget\" data-widget_type=\"image-box.default\">\n\t\t\t\t<div class=\"elementor-widget-container\">\n\t\t\t\t\t<div class=\"elementor-image-box-wrapper\"><figure class=\"elementor-image-box-img\"><img decoding=\"async\" width=\"422\" height=\"292\" src=\"https:\/\/comet.technology\/wp-content\/uploads\/2025\/03\/heritalise_pilot_scotland.svg\" class=\"attachment-full size-full wp-image-37057\" alt=\"\" \/><\/figure><div class=\"elementor-image-box-content\"><p class=\"elementor-image-box-title\"><u>Centro piloto<\/u> <\/br> West Highland Museum  <\/br> Fort William, Scotland<\/p><\/div><\/div>\t\t\t\t<\/div>\n\t\t\t\t<\/div>\n\t\t\t\t<div class=\"elementor-element elementor-element-949d8a4 elementor-widget-tablet__width-initial elementor-position-top elementor-widget elementor-widget-image-box\" data-id=\"949d8a4\" data-element_type=\"widget\" data-e-type=\"widget\" data-widget_type=\"image-box.default\">\n\t\t\t\t<div class=\"elementor-widget-container\">\n\t\t\t\t\t<div class=\"elementor-image-box-wrapper\"><figure class=\"elementor-image-box-img\"><img decoding=\"async\" width=\"423\" height=\"292\" src=\"https:\/\/comet.technology\/wp-content\/uploads\/2025\/03\/heritalise_pilot_scotland2.svg\" class=\"attachment-full size-full wp-image-37066\" alt=\"\" \/><\/figure><div class=\"elementor-image-box-content\"><p class=\"elementor-image-box-title\"><u>Centro piloto<\/u> <\/br>Timespan Museum <\/br> Highlands, Scotland<\/p><\/div><\/div>\t\t\t\t<\/div>\n\t\t\t\t<\/div>\n\t\t\t\t<div class=\"elementor-element elementor-element-0280620 elementor-widget-tablet__width-initial elementor-position-top elementor-widget elementor-widget-image-box\" data-id=\"0280620\" data-element_type=\"widget\" data-e-type=\"widget\" data-widget_type=\"image-box.default\">\n\t\t\t\t<div class=\"elementor-widget-container\">\n\t\t\t\t\t<div class=\"elementor-image-box-wrapper\"><figure class=\"elementor-image-box-img\"><img loading=\"lazy\" decoding=\"async\" width=\"423\" height=\"292\" src=\"https:\/\/comet.technology\/wp-content\/uploads\/2025\/03\/heritalise_pilot_italy.svg\" class=\"attachment-full size-full wp-image-37063\" alt=\"\" \/><\/figure><div class=\"elementor-image-box-content\"><p class=\"elementor-image-box-title\"><u>Centro piloto<\/u> <\/br>Reggia di Venaria Reale<\/br> Turin, Italy\u200b<\/p><\/div><\/div>\t\t\t\t<\/div>\n\t\t\t\t<\/div>\n\t\t\t\t<div class=\"elementor-element elementor-element-4338fb9 elementor-widget-tablet__width-initial elementor-position-top elementor-widget elementor-widget-image-box\" data-id=\"4338fb9\" data-element_type=\"widget\" data-e-type=\"widget\" data-widget_type=\"image-box.default\">\n\t\t\t\t<div class=\"elementor-widget-container\">\n\t\t\t\t\t<div class=\"elementor-image-box-wrapper\"><figure class=\"elementor-image-box-img\"><img loading=\"lazy\" decoding=\"async\" width=\"423\" height=\"292\" src=\"https:\/\/comet.technology\/wp-content\/uploads\/2025\/03\/heritalise_pilot_malta.svg\" class=\"attachment-full size-full wp-image-37060\" alt=\"\" \/><\/figure><div class=\"elementor-image-box-content\"><p class=\"elementor-image-box-title\"><u>Centro piloto<\/u> <\/br>Villa Portelli <\/br> Kalkara, Malta\u200b<\/p><\/div><\/div>\t\t\t\t<\/div>\n\t\t\t\t<\/div>\n\t\t\t\t\t<\/div>\n\t\t\t\t<\/div>\n\t\t\t\t<section class=\"elementor-section elementor-top-section elementor-element elementor-element-b8459ed elementor-section-boxed elementor-section-height-default elementor-section-height-default\" data-id=\"b8459ed\" data-element_type=\"section\" data-e-type=\"section\" data-settings=\"{&quot;background_background&quot;:&quot;classic&quot;}\">\n\t\t\t\t\t\t\t<div class=\"elementor-background-overlay\"><\/div>\n\t\t\t\t\t\t\t<div class=\"elementor-container elementor-column-gap-default\">\n\t\t\t\t\t<div class=\"elementor-column elementor-col-50 elementor-top-column elementor-element elementor-element-9b91b90\" data-id=\"9b91b90\" data-element_type=\"column\" data-e-type=\"column\">\n\t\t\t<div class=\"elementor-widget-wrap elementor-element-populated\">\n\t\t\t\t\t\t<section class=\"elementor-section elementor-inner-section elementor-element elementor-element-685bd29 elementor-section-boxed elementor-section-height-default elementor-section-height-default\" data-id=\"685bd29\" data-element_type=\"section\" data-e-type=\"section\">\n\t\t\t\t\t\t<div class=\"elementor-container elementor-column-gap-default\">\n\t\t\t\t\t<div class=\"elementor-column elementor-col-100 elementor-inner-column elementor-element elementor-element-7cfd191\" data-id=\"7cfd191\" data-element_type=\"column\" data-e-type=\"column\">\n\t\t\t<div class=\"elementor-widget-wrap elementor-element-populated\">\n\t\t\t\t\t\t<div class=\"elementor-element elementor-element-3e433c5 elementor-widget elementor-widget-heading\" data-id=\"3e433c5\" data-element_type=\"widget\" data-e-type=\"widget\" data-widget_type=\"heading.default\">\n\t\t\t\t<div class=\"elementor-widget-container\">\n\t\t\t\t\t<h2 class=\"elementor-heading-title elementor-size-default\"><b>CONTACTA<\/b> con nosotros<\/h2>\t\t\t\t<\/div>\n\t\t\t\t<\/div>\n\t\t\t\t\t<\/div>\n\t\t<\/div>\n\t\t\t\t\t<\/div>\n\t\t<\/section>\n\t\t\t\t<section class=\"elementor-section elementor-inner-section elementor-element elementor-element-9c7213b elementor-section-content-middle elementor-section-boxed elementor-section-height-default elementor-section-height-default\" data-id=\"9c7213b\" data-element_type=\"section\" data-e-type=\"section\">\n\t\t\t\t\t\t<div class=\"elementor-container elementor-column-gap-default\">\n\t\t\t\t\t<div class=\"elementor-column elementor-col-100 elementor-inner-column elementor-element elementor-element-1732e36\" data-id=\"1732e36\" data-element_type=\"column\" data-e-type=\"column\" data-settings=\"{&quot;background_background&quot;:&quot;classic&quot;}\">\n\t\t\t<div class=\"elementor-widget-wrap elementor-element-populated\">\n\t\t\t\t\t\t<div class=\"elementor-element elementor-element-486aff8 elementor-align-center elementor-mobile-align-center elementor-icon-list--layout-traditional elementor-list-item-link-full_width elementor-widget elementor-widget-icon-list\" data-id=\"486aff8\" data-element_type=\"widget\" data-e-type=\"widget\" data-widget_type=\"icon-list.default\">\n\t\t\t\t<div class=\"elementor-widget-container\">\n\t\t\t\t\t\t\t<ul class=\"elementor-icon-list-items\">\n\t\t\t\t\t\t\t<li class=\"elementor-icon-list-item\">\n\t\t\t\t\t\t\t\t\t\t\t<span class=\"elementor-icon-list-icon\">\n\t\t\t\t\t\t\t<i aria-hidden=\"true\" class=\"fas fa-envelope\"><\/i>\t\t\t\t\t\t<\/span>\n\t\t\t\t\t\t\t\t\t\t<span class=\"elementor-icon-list-text\">comet@comet.technology<\/span>\n\t\t\t\t\t\t\t\t\t<\/li>\n\t\t\t\t\t\t\t\t<li class=\"elementor-icon-list-item\">\n\t\t\t\t\t\t\t\t\t\t\t<span class=\"elementor-icon-list-icon\">\n\t\t\t\t\t\t\t<i aria-hidden=\"true\" class=\"fas fa-phone-alt\"><\/i>\t\t\t\t\t\t<\/span>\n\t\t\t\t\t\t\t\t\t\t<span class=\"elementor-icon-list-text\">(+34) 930 23 91 26<\/span>\n\t\t\t\t\t\t\t\t\t<\/li>\n\t\t\t\t\t\t<\/ul>\n\t\t\t\t\t\t<\/div>\n\t\t\t\t<\/div>\n\t\t\t\t\t<\/div>\n\t\t<\/div>\n\t\t\t\t\t<\/div>\n\t\t<\/section>\n\t\t\t\t\t<\/div>\n\t\t<\/div>\n\t\t\t\t<div class=\"elementor-column elementor-col-50 elementor-top-column elementor-element elementor-element-e0d76f7\" data-id=\"e0d76f7\" data-element_type=\"column\" data-e-type=\"column\">\n\t\t\t<div class=\"elementor-widget-wrap elementor-element-populated\">\n\t\t\t\t\t\t<div class=\"elementor-element elementor-element-8fbc184 elementor-button-align-center elementor-widget elementor-widget-global elementor-global-5987 elementor-widget-form\" data-id=\"8fbc184\" data-element_type=\"widget\" data-e-type=\"widget\" data-settings=\"{&quot;step_next_label&quot;:&quot;Siguiente&quot;,&quot;step_previous_label&quot;:&quot;Anterior&quot;,&quot;button_width&quot;:&quot;100&quot;,&quot;step_type&quot;:&quot;number_text&quot;,&quot;step_icon_shape&quot;:&quot;circle&quot;}\" data-widget_type=\"form.default\">\n\t\t\t\t<div class=\"elementor-widget-container\">\n\t\t\t\t\t\t\t<form class=\"elementor-form\" method=\"post\" name=\"Formulario contacto\" aria-label=\"Formulario contacto\">\n\t\t\t<input type=\"hidden\" name=\"post_id\" value=\"37051\"\/>\n\t\t\t<input type=\"hidden\" name=\"form_id\" value=\"8fbc184\"\/>\n\t\t\t<input type=\"hidden\" name=\"referer_title\" value=\"\" \/>\n\n\t\t\t\n\t\t\t<div class=\"elementor-form-fields-wrapper elementor-labels-\">\n\t\t\t\t\t\t\t\t<div class=\"elementor-field-type-text elementor-field-group elementor-column elementor-field-group-name elementor-col-100 elementor-field-required\">\n\t\t\t\t\t\t\t\t\t\t\t\t<label for=\"form-field-name\" class=\"elementor-field-label elementor-screen-only\">\n\t\t\t\t\t\t\t\tNombre\t\t\t\t\t\t\t<\/label>\n\t\t\t\t\t\t\t\t\t\t\t\t\t\t<input size=\"1\" type=\"text\" name=\"form_fields[name]\" id=\"form-field-name\" class=\"elementor-field elementor-size-sm  elementor-field-textual\" placeholder=\"Nombre*\" required=\"required\">\n\t\t\t\t\t\t\t\t\t\t\t<\/div>\n\t\t\t\t\t\t\t\t<div class=\"elementor-field-type-email elementor-field-group elementor-column elementor-field-group-correo elementor-col-100 elementor-field-required\">\n\t\t\t\t\t\t\t\t\t\t\t\t<label for=\"form-field-correo\" class=\"elementor-field-label elementor-screen-only\">\n\t\t\t\t\t\t\t\tCorreo electr\u00f3nico\t\t\t\t\t\t\t<\/label>\n\t\t\t\t\t\t\t\t\t\t\t\t\t\t<input size=\"1\" type=\"email\" name=\"form_fields[correo]\" id=\"form-field-correo\" class=\"elementor-field elementor-size-sm  elementor-field-textual\" placeholder=\"Correo electr\u00f3nico*\" required=\"required\">\n\t\t\t\t\t\t\t\t\t\t\t<\/div>\n\t\t\t\t\t\t\t\t<div class=\"elementor-field-type-textarea elementor-field-group elementor-column elementor-field-group-message elementor-col-100 elementor-field-required\">\n\t\t\t\t\t\t\t\t\t\t\t\t<label for=\"form-field-message\" class=\"elementor-field-label elementor-screen-only\">\n\t\t\t\t\t\t\t\tMensaje\t\t\t\t\t\t\t<\/label>\n\t\t\t\t\t\t<textarea class=\"elementor-field-textual elementor-field  elementor-size-sm\" name=\"form_fields[message]\" id=\"form-field-message\" rows=\"4\" placeholder=\"Mensaje*\" required=\"required\"><\/textarea>\t\t\t\t<\/div>\n\t\t\t\t\t\t\t\t<div class=\"elementor-field-type-acceptance elementor-field-group elementor-column elementor-field-group-legal elementor-col-100 elementor-field-required\">\n\t\t\t\t\t\t\t\t\t\t\t\t<label for=\"form-field-legal\" class=\"elementor-field-label elementor-screen-only\">\n\t\t\t\t\t\t\t\tLegal\t\t\t\t\t\t\t<\/label>\n\t\t\t\t\t\t\t\t<div class=\"elementor-field-subgroup\">\n\t\t\t<span class=\"elementor-field-option\">\n\t\t\t\t<input type=\"checkbox\" name=\"form_fields[legal]\" id=\"form-field-legal\" class=\"elementor-field elementor-size-sm  elementor-acceptance-field\" required=\"required\">\n\t\t\t\t<label for=\"form-field-legal\">Marcando esta casilla confirmas que has le\u00eddo y aceptas la pol\u00edtica de privacidad y aviso legal, por lo que consientes que COMET GLOBAL INNOVATION S.L, guarde tus datos seg\u00fan la legislaci\u00f3n vigente, autorizas a que te contactemos y est\u00e1s informado de que tienes derecho a acceder, rectificar, limitar y suprimir tus datos personales de nuestros registros.<\/label>\t\t\t<\/span>\n\t\t<\/div>\n\t\t\t\t\t\t<\/div>\n\t\t\t\t\t\t\t\t<div class=\"elementor-field-type-recaptcha elementor-field-group elementor-column elementor-field-group-field_5fb555b elementor-col-100\">\n\t\t\t\t\t<div class=\"elementor-field\" id=\"form-field-field_5fb555b\"><div class=\"elementor-g-recaptcha\" data-sitekey=\"6Leuol0aAAAAANCULIA7sRcgKkCqxyqYDxbc6S_1\" data-type=\"v2_checkbox\" data-theme=\"light\" data-size=\"normal\"><\/div><\/div>\t\t\t\t<\/div>\n\t\t\t\t\t\t\t\t<div class=\"elementor-field-type-text\">\n\t\t\t\t\t<input size=\"1\" type=\"text\" name=\"form_fields[email]\" id=\"form-field-email\" class=\"elementor-field elementor-size-sm \" style=\"display:none !important;\">\t\t\t\t<\/div>\n\t\t\t\t\t\t\t\t<div class=\"elementor-field-group elementor-column elementor-field-type-submit elementor-col-100 e-form__buttons\">\n\t\t\t\t\t<button class=\"elementor-button elementor-size-sm\" type=\"submit\">\n\t\t\t\t\t\t<span class=\"elementor-button-content-wrapper\">\n\t\t\t\t\t\t\t\t\t\t\t\t\t\t\t\t\t\t\t\t\t\t<span class=\"elementor-button-text\">Enviar<\/span>\n\t\t\t\t\t\t\t\t\t\t\t\t\t<\/span>\n\t\t\t\t\t<\/button>\n\t\t\t\t<\/div>\n\t\t\t<\/div>\n\t\t<\/form>\n\t\t\t\t\t\t<\/div>\n\t\t\t\t<\/div>\n\t\t\t\t\t<\/div>\n\t\t<\/div>\n\t\t\t\t\t<\/div>\n\t\t<\/section>\n\t\t\t\t<\/div>\n\t\t","protected":false},"excerpt":{"rendered":"<p>Esta iniciativa, en la que participan 17 socios interdisciplinarios de 17 pa\u00edses representativos de Europa, desarrollar\u00e1 t\u00e9cnicas y herramientas avanzadas para diversos activos del patrimonio cultural, visibles y no visibles, que servir\u00e1n para conectar a las instituciones y profesionales del sector cultural gracias a tecnolog\u00edas de vanguardia que proporcionar\u00e1n mejoras sustanciales en la organizaci\u00f3n, gesti\u00f3n, preservaci\u00f3n, visibilidad, interconectividad, acceso y valorizaci\u00f3n del Patrimonio Cultural.<\/p>\n","protected":false},"author":1,"featured_media":37086,"parent":943,"menu_order":0,"comment_status":"closed","ping_status":"closed","template":"","meta":{"_acf_changed":false,"footnotes":""},"class_list":["post-37051","page","type-page","status-publish","has-post-thumbnail","hentry"],"acf":[],"_links":{"self":[{"href":"https:\/\/comet.technology\/es\/wp-json\/wp\/v2\/pages\/37051","targetHints":{"allow":["GET"]}}],"collection":[{"href":"https:\/\/comet.technology\/es\/wp-json\/wp\/v2\/pages"}],"about":[{"href":"https:\/\/comet.technology\/es\/wp-json\/wp\/v2\/types\/page"}],"author":[{"embeddable":true,"href":"https:\/\/comet.technology\/es\/wp-json\/wp\/v2\/users\/1"}],"replies":[{"embeddable":true,"href":"https:\/\/comet.technology\/es\/wp-json\/wp\/v2\/comments?post=37051"}],"version-history":[{"count":11,"href":"https:\/\/comet.technology\/es\/wp-json\/wp\/v2\/pages\/37051\/revisions"}],"predecessor-version":[{"id":37085,"href":"https:\/\/comet.technology\/es\/wp-json\/wp\/v2\/pages\/37051\/revisions\/37085"}],"up":[{"embeddable":true,"href":"https:\/\/comet.technology\/es\/wp-json\/wp\/v2\/pages\/943"}],"wp:featuredmedia":[{"embeddable":true,"href":"https:\/\/comet.technology\/es\/wp-json\/wp\/v2\/media\/37086"}],"wp:attachment":[{"href":"https:\/\/comet.technology\/es\/wp-json\/wp\/v2\/media?parent=37051"}],"curies":[{"name":"wp","href":"https:\/\/api.w.org\/{rel}","templated":true}]}}